{"id":583885,"date":"2024-03-14T18:59:30","date_gmt":"2024-03-14T17:59:30","guid":{"rendered":"https:\/\/nurso.biz\/?post_type=product&#038;p=583885"},"modified":"2025-02-19T08:49:41","modified_gmt":"2025-02-19T07:49:41","slug":"schuessel-15-x-h7-cm","status":"publish","type":"product","link":"https:\/\/nurso.biz\/en\/produkt\/schuessel-15-x-h7-cm\/","title":{"rendered":"Sch\u00fcssel 15 x H7 cm"},"content":{"rendered":"<p><b>Sch\u00fcssel<\/b><\/p>\n<p>Diese Porzellangeschirrserie l\u00e4sst Ihre Tischdekoration edel und raffiniert aussehen. Die dezenten metallischen Details verleihen Ihrem Geschirr ein auff\u00e4lliges Element und schaffen eine tolle Leinwand, auf der Ihre Gerichte bei jeder besonderen Zusammenkunft voll zur Geltung kommen. Der bezaubernde schwarze Sockel mit goldfarbenen dekorativen Akzenten, die an Goldflocken erinnern, sorgt f\u00fcr einen g\u00f6ttlichen Look, der Ihr Gedeck unvergesslich macht. Es ist die Art von Geschirr, die Sie brauchen, um im Handumdrehen ein hochwertiges Speiseerlebnis zu schaffen.<\/p>\n","protected":false},"excerpt":{"rendered":"<p>Sch\u00fcssel Diese Porzellangeschirrserie l\u00e4sst Ihre Tischdekoration edel und raffiniert aussehen. Die dezenten metallischen Details verleihen Ihrem Geschirr ein auff\u00e4lliges Element und schaffen eine tolle Leinwand,&hellip;<\/p>\n","protected":false},"featured_media":583855,"comment_status":"closed","ping_status":"closed","template":"","meta":[],"product_brand":[],"product_cat":[1052],"product_tag":[],"class_list":{"0":"post-583885","1":"product","2":"type-product","3":"status-publish","4":"has-post-thumbnail","6":"product_cat-nero","8":"first","9":"outofstock","10":"taxable","11":"shipping-taxable","12":"product-type-simple"},"yoast_head":"<!-- This site is optimized with the Yoast SEO plugin v27.5 - https:\/\/yoast.com\/product\/yoast-seo-wordpress\/ -->\n<title>Sch\u00fcssel 15 x H7 cm - Nurso B2B Shop<\/title>\n<meta name=\"robots\" content=\"index, follow, max-snippet:-1, max-image-preview:large, max-video-preview:-1\" \/>\n<link rel=\"canonical\" href=\"https:\/\/nurso.biz\/produkt\/schuessel-15-x-h7-cm\/\" \/>\n<meta property=\"og:locale\" content=\"en_US\" \/>\n<meta property=\"og:type\" content=\"article\" \/>\n<meta property=\"og:title\" content=\"Sch\u00fcssel 15 x H7 cm - Nurso B2B Shop\" \/>\n<meta property=\"og:description\" content=\"Sch\u00fcssel Diese Porzellangeschirrserie l\u00e4sst Ihre Tischdekoration edel und raffiniert aussehen. Die dezenten metallischen Details verleihen Ihrem Geschirr ein auff\u00e4lliges Element und schaffen eine tolle Leinwand,&hellip;\" \/>\n<meta property=\"og:url\" content=\"https:\/\/nurso.biz\/produkt\/schuessel-15-x-h7-cm\/\" \/>\n<meta property=\"og:site_name\" content=\"Nurso B2B Shop\" \/>\n<meta property=\"article:modified_time\" content=\"2025-02-19T07:49:41+00:00\" \/>\n<meta property=\"og:image\" content=\"https:\/\/nurso.biz\/wp-content\/uploads\/2024\/03\/785238-scaled.jpeg\" \/>\n\t<meta property=\"og:image:width\" content=\"2560\" \/>\n\t<meta property=\"og:image:height\" content=\"1707\" \/>\n\t<meta property=\"og:image:type\" content=\"image\/jpeg\" \/>\n<meta name=\"twitter:card\" content=\"summary_large_image\" \/>\n<meta name=\"twitter:label1\" content=\"Est. reading time\" \/>\n\t<meta name=\"twitter:data1\" content=\"1 minute\" \/>\n<script type=\"application\/ld+json\" class=\"yoast-schema-graph\">{\"@context\":\"https:\\\/\\\/schema.org\",\"@graph\":[{\"@type\":\"WebPage\",\"@id\":\"https:\\\/\\\/nurso.biz\\\/produkt\\\/schuessel-15-x-h7-cm\\\/\",\"url\":\"https:\\\/\\\/nurso.biz\\\/produkt\\\/schuessel-15-x-h7-cm\\\/\",\"name\":\"Sch\u00fcssel 15 x H7 cm - Nurso B2B Shop\",\"isPartOf\":{\"@id\":\"https:\\\/\\\/nurso.biz\\\/#website\"},\"primaryImageOfPage\":{\"@id\":\"https:\\\/\\\/nurso.biz\\\/produkt\\\/schuessel-15-x-h7-cm\\\/#primaryimage\"},\"image\":{\"@id\":\"https:\\\/\\\/nurso.biz\\\/produkt\\\/schuessel-15-x-h7-cm\\\/#primaryimage\"},\"thumbnailUrl\":\"https:\\\/\\\/nurso.biz\\\/wp-content\\\/uploads\\\/2024\\\/03\\\/785238-scaled.jpeg\",\"datePublished\":\"2024-03-14T17:59:30+00:00\",\"dateModified\":\"2025-02-19T07:49:41+00:00\",\"breadcrumb\":{\"@id\":\"https:\\\/\\\/nurso.biz\\\/produkt\\\/schuessel-15-x-h7-cm\\\/#breadcrumb\"},\"inLanguage\":\"en-US\",\"potentialAction\":[{\"@type\":\"ReadAction\",\"target\":[\"https:\\\/\\\/nurso.biz\\\/produkt\\\/schuessel-15-x-h7-cm\\\/\"]}]},{\"@type\":\"ImageObject\",\"inLanguage\":\"en-US\",\"@id\":\"https:\\\/\\\/nurso.biz\\\/produkt\\\/schuessel-15-x-h7-cm\\\/#primaryimage\",\"url\":\"https:\\\/\\\/nurso.biz\\\/wp-content\\\/uploads\\\/2024\\\/03\\\/785238-scaled.jpeg\",\"contentUrl\":\"https:\\\/\\\/nurso.biz\\\/wp-content\\\/uploads\\\/2024\\\/03\\\/785238-scaled.jpeg\",\"width\":2560,\"height\":1707},{\"@type\":\"BreadcrumbList\",\"@id\":\"https:\\\/\\\/nurso.biz\\\/produkt\\\/schuessel-15-x-h7-cm\\\/#breadcrumb\",\"itemListElement\":[{\"@type\":\"ListItem\",\"position\":1,\"name\":\"Home\",\"item\":\"https:\\\/\\\/nurso.biz\\\/\"},{\"@type\":\"ListItem\",\"position\":2,\"name\":\"Produkte\",\"item\":\"https:\\\/\\\/nurso.biz\\\/shop\\\/\"},{\"@type\":\"ListItem\",\"position\":3,\"name\":\"Sch\u00fcssel 15 x H7 cm\"}]},{\"@type\":\"WebSite\",\"@id\":\"https:\\\/\\\/nurso.biz\\\/#website\",\"url\":\"https:\\\/\\\/nurso.biz\\\/\",\"name\":\"Nurso B2B Shop\",\"description\":\"Wir verkaufen nur die beste Qualit\u00e4t!\",\"publisher\":{\"@id\":\"https:\\\/\\\/nurso.biz\\\/#organization\"},\"potentialAction\":[{\"@type\":\"SearchAction\",\"target\":{\"@type\":\"EntryPoint\",\"urlTemplate\":\"https:\\\/\\\/nurso.biz\\\/?s={search_term_string}\"},\"query-input\":{\"@type\":\"PropertyValueSpecification\",\"valueRequired\":true,\"valueName\":\"search_term_string\"}}],\"inLanguage\":\"en-US\"},{\"@type\":\"Organization\",\"@id\":\"https:\\\/\\\/nurso.biz\\\/#organization\",\"name\":\"Nurso GmbH\",\"url\":\"https:\\\/\\\/nurso.biz\\\/\",\"logo\":{\"@type\":\"ImageObject\",\"inLanguage\":\"en-US\",\"@id\":\"https:\\\/\\\/nurso.biz\\\/#\\\/schema\\\/logo\\\/image\\\/\",\"url\":\"https:\\\/\\\/nurso.biz\\\/wp-content\\\/uploads\\\/2021\\\/07\\\/nurso_logo_dark.png\",\"contentUrl\":\"https:\\\/\\\/nurso.biz\\\/wp-content\\\/uploads\\\/2021\\\/07\\\/nurso_logo_dark.png\",\"width\":198,\"height\":44,\"caption\":\"Nurso GmbH\"},\"image\":{\"@id\":\"https:\\\/\\\/nurso.biz\\\/#\\\/schema\\\/logo\\\/image\\\/\"}}]}<\/script>\n<!-- \/ Yoast SEO plugin. -->","yoast_head_json":{"title":"Sch\u00fcssel 15 x H7 cm - Nurso B2B Shop","robots":{"index":"index","follow":"follow","max-snippet":"max-snippet:-1","max-image-preview":"max-image-preview:large","max-video-preview":"max-video-preview:-1"},"canonical":"https:\/\/nurso.biz\/produkt\/schuessel-15-x-h7-cm\/","og_locale":"en_US","og_type":"article","og_title":"Sch\u00fcssel 15 x H7 cm - Nurso B2B Shop","og_description":"Sch\u00fcssel Diese Porzellangeschirrserie l\u00e4sst Ihre Tischdekoration edel und raffiniert aussehen. Die dezenten metallischen Details verleihen Ihrem Geschirr ein auff\u00e4lliges Element und schaffen eine tolle Leinwand,&hellip;","og_url":"https:\/\/nurso.biz\/produkt\/schuessel-15-x-h7-cm\/","og_site_name":"Nurso B2B Shop","article_modified_time":"2025-02-19T07:49:41+00:00","og_image":[{"width":2560,"height":1707,"url":"https:\/\/nurso.biz\/wp-content\/uploads\/2024\/03\/785238-scaled.jpeg","type":"image\/jpeg"}],"twitter_card":"summary_large_image","twitter_misc":{"Est. reading time":"1 minute"},"schema":{"@context":"https:\/\/schema.org","@graph":[{"@type":"WebPage","@id":"https:\/\/nurso.biz\/produkt\/schuessel-15-x-h7-cm\/","url":"https:\/\/nurso.biz\/produkt\/schuessel-15-x-h7-cm\/","name":"Sch\u00fcssel 15 x H7 cm - Nurso B2B Shop","isPartOf":{"@id":"https:\/\/nurso.biz\/#website"},"primaryImageOfPage":{"@id":"https:\/\/nurso.biz\/produkt\/schuessel-15-x-h7-cm\/#primaryimage"},"image":{"@id":"https:\/\/nurso.biz\/produkt\/schuessel-15-x-h7-cm\/#primaryimage"},"thumbnailUrl":"https:\/\/nurso.biz\/wp-content\/uploads\/2024\/03\/785238-scaled.jpeg","datePublished":"2024-03-14T17:59:30+00:00","dateModified":"2025-02-19T07:49:41+00:00","breadcrumb":{"@id":"https:\/\/nurso.biz\/produkt\/schuessel-15-x-h7-cm\/#breadcrumb"},"inLanguage":"en-US","potentialAction":[{"@type":"ReadAction","target":["https:\/\/nurso.biz\/produkt\/schuessel-15-x-h7-cm\/"]}]},{"@type":"ImageObject","inLanguage":"en-US","@id":"https:\/\/nurso.biz\/produkt\/schuessel-15-x-h7-cm\/#primaryimage","url":"https:\/\/nurso.biz\/wp-content\/uploads\/2024\/03\/785238-scaled.jpeg","contentUrl":"https:\/\/nurso.biz\/wp-content\/uploads\/2024\/03\/785238-scaled.jpeg","width":2560,"height":1707},{"@type":"BreadcrumbList","@id":"https:\/\/nurso.biz\/produkt\/schuessel-15-x-h7-cm\/#breadcrumb","itemListElement":[{"@type":"ListItem","position":1,"name":"Home","item":"https:\/\/nurso.biz\/"},{"@type":"ListItem","position":2,"name":"Produkte","item":"https:\/\/nurso.biz\/shop\/"},{"@type":"ListItem","position":3,"name":"Sch\u00fcssel 15 x H7 cm"}]},{"@type":"WebSite","@id":"https:\/\/nurso.biz\/#website","url":"https:\/\/nurso.biz\/","name":"Nurso B2B Shop","description":"Wir verkaufen nur die beste Qualit\u00e4t!","publisher":{"@id":"https:\/\/nurso.biz\/#organization"},"potentialAction":[{"@type":"SearchAction","target":{"@type":"EntryPoint","urlTemplate":"https:\/\/nurso.biz\/?s={search_term_string}"},"query-input":{"@type":"PropertyValueSpecification","valueRequired":true,"valueName":"search_term_string"}}],"inLanguage":"en-US"},{"@type":"Organization","@id":"https:\/\/nurso.biz\/#organization","name":"Nurso GmbH","url":"https:\/\/nurso.biz\/","logo":{"@type":"ImageObject","inLanguage":"en-US","@id":"https:\/\/nurso.biz\/#\/schema\/logo\/image\/","url":"https:\/\/nurso.biz\/wp-content\/uploads\/2021\/07\/nurso_logo_dark.png","contentUrl":"https:\/\/nurso.biz\/wp-content\/uploads\/2021\/07\/nurso_logo_dark.png","width":198,"height":44,"caption":"Nurso GmbH"},"image":{"@id":"https:\/\/nurso.biz\/#\/schema\/logo\/image\/"}}]}},"_links":{"self":[{"href":"https:\/\/nurso.biz\/en\/wp-json\/wp\/v2\/product\/583885","targetHints":{"allow":["GET"]}}],"collection":[{"href":"https:\/\/nurso.biz\/en\/wp-json\/wp\/v2\/product"}],"about":[{"href":"https:\/\/nurso.biz\/en\/wp-json\/wp\/v2\/types\/product"}],"replies":[{"embeddable":true,"href":"https:\/\/nurso.biz\/en\/wp-json\/wp\/v2\/comments?post=583885"}],"wp:featuredmedia":[{"embeddable":true,"href":"https:\/\/nurso.biz\/en\/wp-json\/wp\/v2\/media\/583855"}],"wp:attachment":[{"href":"https:\/\/nurso.biz\/en\/wp-json\/wp\/v2\/media?parent=583885"}],"wp:term":[{"taxonomy":"product_brand","embeddable":true,"href":"https:\/\/nurso.biz\/en\/wp-json\/wp\/v2\/product_brand?post=583885"},{"taxonomy":"product_cat","embeddable":true,"href":"https:\/\/nurso.biz\/en\/wp-json\/wp\/v2\/product_cat?post=583885"},{"taxonomy":"product_tag","embeddable":true,"href":"https:\/\/nurso.biz\/en\/wp-json\/wp\/v2\/product_tag?post=583885"}],"curies":[{"name":"wp","href":"https:\/\/api.w.org\/{rel}","templated":true}]}}