{"id":583708,"date":"2024-03-14T17:29:50","date_gmt":"2024-03-14T16:29:50","guid":{"rendered":"https:\/\/nurso.biz\/?post_type=product&#038;p=583708"},"modified":"2025-02-19T09:39:27","modified_gmt":"2025-02-19T08:39:27","slug":"teller-28-x-20cm","status":"publish","type":"product","link":"https:\/\/nurso.biz\/en\/produkt\/teller-28-x-20cm\/","title":{"rendered":"Teller 28 x 20cm"},"content":{"rendered":"<p><b>Teller<\/b><\/p>\n<p>Dieses wundersch\u00f6ne Geschirr ist wie eine kosmische Strahlung. Dunkelblaue und schwarze T\u00f6ne wechseln sich in einer dezent kraterartigen Oberfl\u00e4che ab und verleihen der Kollektion seine geheimnisvolle Ausstrahlung. Die aus robustem und langlebigem Porzellan gefertigten Artikel sind mit einer reaktiven Glasur versehen. Jedes St\u00fcck ist somit einzigartig. Farben und Spritzermuster k\u00f6nnen aufgrund der einzigartigen Farbvariationen in der Glasur vom Bild abweichen.<\/p>\n","protected":false},"excerpt":{"rendered":"<p>Teller Dieses wundersch\u00f6ne Geschirr ist wie eine kosmische Strahlung. Dunkelblaue und schwarze T\u00f6ne wechseln sich in einer dezent kraterartigen Oberfl\u00e4che ab und verleihen der Kollektion&hellip;<\/p>\n","protected":false},"featured_media":583711,"comment_status":"closed","ping_status":"closed","template":"","meta":[],"product_brand":[],"product_cat":[1044],"product_tag":[],"class_list":{"0":"post-583708","1":"product","2":"type-product","3":"status-publish","4":"has-post-thumbnail","6":"product_cat-kai","8":"first","9":"outofstock","10":"taxable","11":"shipping-taxable","12":"product-type-simple"},"yoast_head":"<!-- This site is optimized with the Yoast SEO plugin v27.3 - https:\/\/yoast.com\/product\/yoast-seo-wordpress\/ -->\n<title>Teller 28 x 20cm - Nurso B2B Shop<\/title>\n<meta name=\"robots\" content=\"index, follow, max-snippet:-1, max-image-preview:large, max-video-preview:-1\" \/>\n<link rel=\"canonical\" href=\"https:\/\/nurso.biz\/produkt\/teller-28-x-20cm\/\" \/>\n<meta property=\"og:locale\" content=\"en_US\" \/>\n<meta property=\"og:type\" content=\"article\" \/>\n<meta property=\"og:title\" content=\"Teller 28 x 20cm - Nurso B2B Shop\" \/>\n<meta property=\"og:description\" content=\"Teller Dieses wundersch\u00f6ne Geschirr ist wie eine kosmische Strahlung. Dunkelblaue und schwarze T\u00f6ne wechseln sich in einer dezent kraterartigen Oberfl\u00e4che ab und verleihen der Kollektion&hellip;\" \/>\n<meta property=\"og:url\" content=\"https:\/\/nurso.biz\/produkt\/teller-28-x-20cm\/\" \/>\n<meta property=\"og:site_name\" content=\"Nurso B2B Shop\" \/>\n<meta property=\"article:modified_time\" content=\"2025-02-19T08:39:27+00:00\" \/>\n<meta property=\"og:image\" content=\"https:\/\/nurso.biz\/wp-content\/uploads\/2024\/03\/604525-scaled.jpeg\" \/>\n\t<meta property=\"og:image:width\" content=\"2560\" \/>\n\t<meta property=\"og:image:height\" content=\"1707\" \/>\n\t<meta property=\"og:image:type\" content=\"image\/jpeg\" \/>\n<meta name=\"twitter:card\" content=\"summary_large_image\" \/>\n<meta name=\"twitter:label1\" content=\"Est. reading time\" \/>\n\t<meta name=\"twitter:data1\" content=\"1 minute\" \/>\n<script type=\"application\/ld+json\" class=\"yoast-schema-graph\">{\"@context\":\"https:\\\/\\\/schema.org\",\"@graph\":[{\"@type\":\"WebPage\",\"@id\":\"https:\\\/\\\/nurso.biz\\\/produkt\\\/teller-28-x-20cm\\\/\",\"url\":\"https:\\\/\\\/nurso.biz\\\/produkt\\\/teller-28-x-20cm\\\/\",\"name\":\"Teller 28 x 20cm - Nurso B2B Shop\",\"isPartOf\":{\"@id\":\"https:\\\/\\\/nurso.biz\\\/#website\"},\"primaryImageOfPage\":{\"@id\":\"https:\\\/\\\/nurso.biz\\\/produkt\\\/teller-28-x-20cm\\\/#primaryimage\"},\"image\":{\"@id\":\"https:\\\/\\\/nurso.biz\\\/produkt\\\/teller-28-x-20cm\\\/#primaryimage\"},\"thumbnailUrl\":\"https:\\\/\\\/nurso.biz\\\/wp-content\\\/uploads\\\/2024\\\/03\\\/604525-scaled.jpeg\",\"datePublished\":\"2024-03-14T16:29:50+00:00\",\"dateModified\":\"2025-02-19T08:39:27+00:00\",\"breadcrumb\":{\"@id\":\"https:\\\/\\\/nurso.biz\\\/produkt\\\/teller-28-x-20cm\\\/#breadcrumb\"},\"inLanguage\":\"en-US\",\"potentialAction\":[{\"@type\":\"ReadAction\",\"target\":[\"https:\\\/\\\/nurso.biz\\\/produkt\\\/teller-28-x-20cm\\\/\"]}]},{\"@type\":\"ImageObject\",\"inLanguage\":\"en-US\",\"@id\":\"https:\\\/\\\/nurso.biz\\\/produkt\\\/teller-28-x-20cm\\\/#primaryimage\",\"url\":\"https:\\\/\\\/nurso.biz\\\/wp-content\\\/uploads\\\/2024\\\/03\\\/604525-scaled.jpeg\",\"contentUrl\":\"https:\\\/\\\/nurso.biz\\\/wp-content\\\/uploads\\\/2024\\\/03\\\/604525-scaled.jpeg\",\"width\":2560,\"height\":1707},{\"@type\":\"BreadcrumbList\",\"@id\":\"https:\\\/\\\/nurso.biz\\\/produkt\\\/teller-28-x-20cm\\\/#breadcrumb\",\"itemListElement\":[{\"@type\":\"ListItem\",\"position\":1,\"name\":\"Home\",\"item\":\"https:\\\/\\\/nurso.biz\\\/\"},{\"@type\":\"ListItem\",\"position\":2,\"name\":\"Produkte\",\"item\":\"https:\\\/\\\/nurso.biz\\\/shop\\\/\"},{\"@type\":\"ListItem\",\"position\":3,\"name\":\"Teller 28 x 20cm\"}]},{\"@type\":\"WebSite\",\"@id\":\"https:\\\/\\\/nurso.biz\\\/#website\",\"url\":\"https:\\\/\\\/nurso.biz\\\/\",\"name\":\"Nurso B2B Shop\",\"description\":\"Wir verkaufen nur die beste Qualit\u00e4t!\",\"publisher\":{\"@id\":\"https:\\\/\\\/nurso.biz\\\/#organization\"},\"potentialAction\":[{\"@type\":\"SearchAction\",\"target\":{\"@type\":\"EntryPoint\",\"urlTemplate\":\"https:\\\/\\\/nurso.biz\\\/?s={search_term_string}\"},\"query-input\":{\"@type\":\"PropertyValueSpecification\",\"valueRequired\":true,\"valueName\":\"search_term_string\"}}],\"inLanguage\":\"en-US\"},{\"@type\":\"Organization\",\"@id\":\"https:\\\/\\\/nurso.biz\\\/#organization\",\"name\":\"Nurso GmbH\",\"url\":\"https:\\\/\\\/nurso.biz\\\/\",\"logo\":{\"@type\":\"ImageObject\",\"inLanguage\":\"en-US\",\"@id\":\"https:\\\/\\\/nurso.biz\\\/#\\\/schema\\\/logo\\\/image\\\/\",\"url\":\"https:\\\/\\\/nurso.biz\\\/wp-content\\\/uploads\\\/2021\\\/07\\\/nurso_logo_dark.png\",\"contentUrl\":\"https:\\\/\\\/nurso.biz\\\/wp-content\\\/uploads\\\/2021\\\/07\\\/nurso_logo_dark.png\",\"width\":198,\"height\":44,\"caption\":\"Nurso GmbH\"},\"image\":{\"@id\":\"https:\\\/\\\/nurso.biz\\\/#\\\/schema\\\/logo\\\/image\\\/\"}}]}<\/script>\n<!-- \/ Yoast SEO plugin. -->","yoast_head_json":{"title":"Teller 28 x 20cm - Nurso B2B Shop","robots":{"index":"index","follow":"follow","max-snippet":"max-snippet:-1","max-image-preview":"max-image-preview:large","max-video-preview":"max-video-preview:-1"},"canonical":"https:\/\/nurso.biz\/produkt\/teller-28-x-20cm\/","og_locale":"en_US","og_type":"article","og_title":"Teller 28 x 20cm - Nurso B2B Shop","og_description":"Teller Dieses wundersch\u00f6ne Geschirr ist wie eine kosmische Strahlung. Dunkelblaue und schwarze T\u00f6ne wechseln sich in einer dezent kraterartigen Oberfl\u00e4che ab und verleihen der Kollektion&hellip;","og_url":"https:\/\/nurso.biz\/produkt\/teller-28-x-20cm\/","og_site_name":"Nurso B2B Shop","article_modified_time":"2025-02-19T08:39:27+00:00","og_image":[{"width":2560,"height":1707,"url":"https:\/\/nurso.biz\/wp-content\/uploads\/2024\/03\/604525-scaled.jpeg","type":"image\/jpeg"}],"twitter_card":"summary_large_image","twitter_misc":{"Est. reading time":"1 minute"},"schema":{"@context":"https:\/\/schema.org","@graph":[{"@type":"WebPage","@id":"https:\/\/nurso.biz\/produkt\/teller-28-x-20cm\/","url":"https:\/\/nurso.biz\/produkt\/teller-28-x-20cm\/","name":"Teller 28 x 20cm - Nurso B2B Shop","isPartOf":{"@id":"https:\/\/nurso.biz\/#website"},"primaryImageOfPage":{"@id":"https:\/\/nurso.biz\/produkt\/teller-28-x-20cm\/#primaryimage"},"image":{"@id":"https:\/\/nurso.biz\/produkt\/teller-28-x-20cm\/#primaryimage"},"thumbnailUrl":"https:\/\/nurso.biz\/wp-content\/uploads\/2024\/03\/604525-scaled.jpeg","datePublished":"2024-03-14T16:29:50+00:00","dateModified":"2025-02-19T08:39:27+00:00","breadcrumb":{"@id":"https:\/\/nurso.biz\/produkt\/teller-28-x-20cm\/#breadcrumb"},"inLanguage":"en-US","potentialAction":[{"@type":"ReadAction","target":["https:\/\/nurso.biz\/produkt\/teller-28-x-20cm\/"]}]},{"@type":"ImageObject","inLanguage":"en-US","@id":"https:\/\/nurso.biz\/produkt\/teller-28-x-20cm\/#primaryimage","url":"https:\/\/nurso.biz\/wp-content\/uploads\/2024\/03\/604525-scaled.jpeg","contentUrl":"https:\/\/nurso.biz\/wp-content\/uploads\/2024\/03\/604525-scaled.jpeg","width":2560,"height":1707},{"@type":"BreadcrumbList","@id":"https:\/\/nurso.biz\/produkt\/teller-28-x-20cm\/#breadcrumb","itemListElement":[{"@type":"ListItem","position":1,"name":"Home","item":"https:\/\/nurso.biz\/"},{"@type":"ListItem","position":2,"name":"Produkte","item":"https:\/\/nurso.biz\/shop\/"},{"@type":"ListItem","position":3,"name":"Teller 28 x 20cm"}]},{"@type":"WebSite","@id":"https:\/\/nurso.biz\/#website","url":"https:\/\/nurso.biz\/","name":"Nurso B2B Shop","description":"Wir verkaufen nur die beste Qualit\u00e4t!","publisher":{"@id":"https:\/\/nurso.biz\/#organization"},"potentialAction":[{"@type":"SearchAction","target":{"@type":"EntryPoint","urlTemplate":"https:\/\/nurso.biz\/?s={search_term_string}"},"query-input":{"@type":"PropertyValueSpecification","valueRequired":true,"valueName":"search_term_string"}}],"inLanguage":"en-US"},{"@type":"Organization","@id":"https:\/\/nurso.biz\/#organization","name":"Nurso GmbH","url":"https:\/\/nurso.biz\/","logo":{"@type":"ImageObject","inLanguage":"en-US","@id":"https:\/\/nurso.biz\/#\/schema\/logo\/image\/","url":"https:\/\/nurso.biz\/wp-content\/uploads\/2021\/07\/nurso_logo_dark.png","contentUrl":"https:\/\/nurso.biz\/wp-content\/uploads\/2021\/07\/nurso_logo_dark.png","width":198,"height":44,"caption":"Nurso GmbH"},"image":{"@id":"https:\/\/nurso.biz\/#\/schema\/logo\/image\/"}}]}},"_links":{"self":[{"href":"https:\/\/nurso.biz\/en\/wp-json\/wp\/v2\/product\/583708","targetHints":{"allow":["GET"]}}],"collection":[{"href":"https:\/\/nurso.biz\/en\/wp-json\/wp\/v2\/product"}],"about":[{"href":"https:\/\/nurso.biz\/en\/wp-json\/wp\/v2\/types\/product"}],"replies":[{"embeddable":true,"href":"https:\/\/nurso.biz\/en\/wp-json\/wp\/v2\/comments?post=583708"}],"wp:featuredmedia":[{"embeddable":true,"href":"https:\/\/nurso.biz\/en\/wp-json\/wp\/v2\/media\/583711"}],"wp:attachment":[{"href":"https:\/\/nurso.biz\/en\/wp-json\/wp\/v2\/media?parent=583708"}],"wp:term":[{"taxonomy":"product_brand","embeddable":true,"href":"https:\/\/nurso.biz\/en\/wp-json\/wp\/v2\/product_brand?post=583708"},{"taxonomy":"product_cat","embeddable":true,"href":"https:\/\/nurso.biz\/en\/wp-json\/wp\/v2\/product_cat?post=583708"},{"taxonomy":"product_tag","embeddable":true,"href":"https:\/\/nurso.biz\/en\/wp-json\/wp\/v2\/product_tag?post=583708"}],"curies":[{"name":"wp","href":"https:\/\/api.w.org\/{rel}","templated":true}]}}