{"id":583349,"date":"2022-10-11T19:42:06","date_gmt":"2022-10-11T17:42:06","guid":{"rendered":"https:\/\/nurso.biz\/?post_type=product&#038;p=583349"},"modified":"2025-02-17T15:09:16","modified_gmt":"2025-02-17T14:09:16","slug":"obstmesser-6-teilig-2","status":"publish","type":"product","link":"https:\/\/nurso.biz\/en\/produkt\/obstmesser-6-teilig-2\/","title":{"rendered":"Obstmesser, 6-teilig"},"content":{"rendered":"<p><b>Obstmesser, 6-teilig<\/b><\/p>\n<p>Obst ist und bleibt die s\u00fc\u00dfe Versuchung, die den K\u00f6rper mit wertvollen Vitaminen versorgt und dabei eine gesunde Naschalternative darstellt.<br \/>\nWenn dieses entz\u00fcckende Obstmesserchen sich in der N\u00e4he einer Obstschale befindet, greift die Hand schneller nach der gesunden Nascherei und hat gleich noch Spa\u00df dabei. Edel, stilvoll und handlich begeistert dieses Obstmesser sowohl optisch als auch in Funktion.<\/p>\n<p>Von Topdesignern Skandinaviens entworfen und aus hochwertigem 18\/10 Edelstahl hergestellt.<\/p>\n<p>In diesem Set befinden sich 6 Obstmesser.<\/p>\n","protected":false},"excerpt":{"rendered":"<p>Lieferzeit: 2-3 Tage.<\/p>\n","protected":false},"featured_media":583367,"comment_status":"closed","ping_status":"closed","template":"","meta":[],"product_brand":[],"product_cat":[122,175,152,126],"product_tag":[],"class_list":{"0":"post-583349","1":"product","2":"type-product","3":"status-publish","4":"has-post-thumbnail","6":"product_cat-besteck-2","7":"product_cat-design","8":"product_cat-hardanger-bestikk","9":"product_cat-servier-spezialbesteck","11":"first","12":"instock","13":"taxable","14":"shipping-taxable","15":"product-type-simple"},"yoast_head":"<!-- This site is optimized with the Yoast SEO plugin v27.3 - https:\/\/yoast.com\/product\/yoast-seo-wordpress\/ -->\n<title>Obstmesser, 6-teilig - Nurso B2B Shop<\/title>\n<meta name=\"robots\" content=\"index, follow, max-snippet:-1, max-image-preview:large, max-video-preview:-1\" \/>\n<link rel=\"canonical\" href=\"https:\/\/nurso.biz\/produkt\/obstmesser-6-teilig-2\/\" \/>\n<meta property=\"og:locale\" content=\"en_US\" \/>\n<meta property=\"og:type\" content=\"article\" \/>\n<meta property=\"og:title\" content=\"Obstmesser, 6-teilig - Nurso B2B Shop\" \/>\n<meta property=\"og:description\" content=\"Lieferzeit: 2-3 Tage.\" \/>\n<meta property=\"og:url\" content=\"https:\/\/nurso.biz\/produkt\/obstmesser-6-teilig-2\/\" \/>\n<meta property=\"og:site_name\" content=\"Nurso B2B Shop\" \/>\n<meta property=\"article:modified_time\" content=\"2025-02-17T14:09:16+00:00\" \/>\n<meta property=\"og:image\" content=\"https:\/\/nurso.biz\/wp-content\/uploads\/2022\/10\/Obstmesser-6er-Sett.jpg\" \/>\n\t<meta property=\"og:image:width\" content=\"500\" \/>\n\t<meta property=\"og:image:height\" content=\"500\" \/>\n\t<meta property=\"og:image:type\" content=\"image\/jpeg\" \/>\n<meta name=\"twitter:card\" content=\"summary_large_image\" \/>\n<meta name=\"twitter:label1\" content=\"Est. reading time\" \/>\n\t<meta name=\"twitter:data1\" content=\"1 minute\" \/>\n<script type=\"application\/ld+json\" class=\"yoast-schema-graph\">{\"@context\":\"https:\\\/\\\/schema.org\",\"@graph\":[{\"@type\":\"WebPage\",\"@id\":\"https:\\\/\\\/nurso.biz\\\/produkt\\\/obstmesser-6-teilig-2\\\/\",\"url\":\"https:\\\/\\\/nurso.biz\\\/produkt\\\/obstmesser-6-teilig-2\\\/\",\"name\":\"Obstmesser, 6-teilig - Nurso B2B Shop\",\"isPartOf\":{\"@id\":\"https:\\\/\\\/nurso.biz\\\/#website\"},\"primaryImageOfPage\":{\"@id\":\"https:\\\/\\\/nurso.biz\\\/produkt\\\/obstmesser-6-teilig-2\\\/#primaryimage\"},\"image\":{\"@id\":\"https:\\\/\\\/nurso.biz\\\/produkt\\\/obstmesser-6-teilig-2\\\/#primaryimage\"},\"thumbnailUrl\":\"https:\\\/\\\/nurso.biz\\\/wp-content\\\/uploads\\\/2022\\\/10\\\/Obstmesser-6er-Sett.jpg\",\"datePublished\":\"2022-10-11T17:42:06+00:00\",\"dateModified\":\"2025-02-17T14:09:16+00:00\",\"breadcrumb\":{\"@id\":\"https:\\\/\\\/nurso.biz\\\/produkt\\\/obstmesser-6-teilig-2\\\/#breadcrumb\"},\"inLanguage\":\"en-US\",\"potentialAction\":[{\"@type\":\"ReadAction\",\"target\":[\"https:\\\/\\\/nurso.biz\\\/produkt\\\/obstmesser-6-teilig-2\\\/\"]}]},{\"@type\":\"ImageObject\",\"inLanguage\":\"en-US\",\"@id\":\"https:\\\/\\\/nurso.biz\\\/produkt\\\/obstmesser-6-teilig-2\\\/#primaryimage\",\"url\":\"https:\\\/\\\/nurso.biz\\\/wp-content\\\/uploads\\\/2022\\\/10\\\/Obstmesser-6er-Sett.jpg\",\"contentUrl\":\"https:\\\/\\\/nurso.biz\\\/wp-content\\\/uploads\\\/2022\\\/10\\\/Obstmesser-6er-Sett.jpg\",\"width\":500,\"height\":500},{\"@type\":\"BreadcrumbList\",\"@id\":\"https:\\\/\\\/nurso.biz\\\/produkt\\\/obstmesser-6-teilig-2\\\/#breadcrumb\",\"itemListElement\":[{\"@type\":\"ListItem\",\"position\":1,\"name\":\"Home\",\"item\":\"https:\\\/\\\/nurso.biz\\\/\"},{\"@type\":\"ListItem\",\"position\":2,\"name\":\"Produkte\",\"item\":\"https:\\\/\\\/nurso.biz\\\/shop\\\/\"},{\"@type\":\"ListItem\",\"position\":3,\"name\":\"Obstmesser, 6-teilig\"}]},{\"@type\":\"WebSite\",\"@id\":\"https:\\\/\\\/nurso.biz\\\/#website\",\"url\":\"https:\\\/\\\/nurso.biz\\\/\",\"name\":\"Nurso B2B Shop\",\"description\":\"Wir verkaufen nur die beste Qualit\u00e4t!\",\"publisher\":{\"@id\":\"https:\\\/\\\/nurso.biz\\\/#organization\"},\"potentialAction\":[{\"@type\":\"SearchAction\",\"target\":{\"@type\":\"EntryPoint\",\"urlTemplate\":\"https:\\\/\\\/nurso.biz\\\/?s={search_term_string}\"},\"query-input\":{\"@type\":\"PropertyValueSpecification\",\"valueRequired\":true,\"valueName\":\"search_term_string\"}}],\"inLanguage\":\"en-US\"},{\"@type\":\"Organization\",\"@id\":\"https:\\\/\\\/nurso.biz\\\/#organization\",\"name\":\"Nurso GmbH\",\"url\":\"https:\\\/\\\/nurso.biz\\\/\",\"logo\":{\"@type\":\"ImageObject\",\"inLanguage\":\"en-US\",\"@id\":\"https:\\\/\\\/nurso.biz\\\/#\\\/schema\\\/logo\\\/image\\\/\",\"url\":\"https:\\\/\\\/nurso.biz\\\/wp-content\\\/uploads\\\/2021\\\/07\\\/nurso_logo_dark.png\",\"contentUrl\":\"https:\\\/\\\/nurso.biz\\\/wp-content\\\/uploads\\\/2021\\\/07\\\/nurso_logo_dark.png\",\"width\":198,\"height\":44,\"caption\":\"Nurso GmbH\"},\"image\":{\"@id\":\"https:\\\/\\\/nurso.biz\\\/#\\\/schema\\\/logo\\\/image\\\/\"}}]}<\/script>\n<!-- \/ Yoast SEO plugin. -->","yoast_head_json":{"title":"Obstmesser, 6-teilig - Nurso B2B Shop","robots":{"index":"index","follow":"follow","max-snippet":"max-snippet:-1","max-image-preview":"max-image-preview:large","max-video-preview":"max-video-preview:-1"},"canonical":"https:\/\/nurso.biz\/produkt\/obstmesser-6-teilig-2\/","og_locale":"en_US","og_type":"article","og_title":"Obstmesser, 6-teilig - Nurso B2B Shop","og_description":"Lieferzeit: 2-3 Tage.","og_url":"https:\/\/nurso.biz\/produkt\/obstmesser-6-teilig-2\/","og_site_name":"Nurso B2B Shop","article_modified_time":"2025-02-17T14:09:16+00:00","og_image":[{"width":500,"height":500,"url":"https:\/\/nurso.biz\/wp-content\/uploads\/2022\/10\/Obstmesser-6er-Sett.jpg","type":"image\/jpeg"}],"twitter_card":"summary_large_image","twitter_misc":{"Est. reading time":"1 minute"},"schema":{"@context":"https:\/\/schema.org","@graph":[{"@type":"WebPage","@id":"https:\/\/nurso.biz\/produkt\/obstmesser-6-teilig-2\/","url":"https:\/\/nurso.biz\/produkt\/obstmesser-6-teilig-2\/","name":"Obstmesser, 6-teilig - Nurso B2B Shop","isPartOf":{"@id":"https:\/\/nurso.biz\/#website"},"primaryImageOfPage":{"@id":"https:\/\/nurso.biz\/produkt\/obstmesser-6-teilig-2\/#primaryimage"},"image":{"@id":"https:\/\/nurso.biz\/produkt\/obstmesser-6-teilig-2\/#primaryimage"},"thumbnailUrl":"https:\/\/nurso.biz\/wp-content\/uploads\/2022\/10\/Obstmesser-6er-Sett.jpg","datePublished":"2022-10-11T17:42:06+00:00","dateModified":"2025-02-17T14:09:16+00:00","breadcrumb":{"@id":"https:\/\/nurso.biz\/produkt\/obstmesser-6-teilig-2\/#breadcrumb"},"inLanguage":"en-US","potentialAction":[{"@type":"ReadAction","target":["https:\/\/nurso.biz\/produkt\/obstmesser-6-teilig-2\/"]}]},{"@type":"ImageObject","inLanguage":"en-US","@id":"https:\/\/nurso.biz\/produkt\/obstmesser-6-teilig-2\/#primaryimage","url":"https:\/\/nurso.biz\/wp-content\/uploads\/2022\/10\/Obstmesser-6er-Sett.jpg","contentUrl":"https:\/\/nurso.biz\/wp-content\/uploads\/2022\/10\/Obstmesser-6er-Sett.jpg","width":500,"height":500},{"@type":"BreadcrumbList","@id":"https:\/\/nurso.biz\/produkt\/obstmesser-6-teilig-2\/#breadcrumb","itemListElement":[{"@type":"ListItem","position":1,"name":"Home","item":"https:\/\/nurso.biz\/"},{"@type":"ListItem","position":2,"name":"Produkte","item":"https:\/\/nurso.biz\/shop\/"},{"@type":"ListItem","position":3,"name":"Obstmesser, 6-teilig"}]},{"@type":"WebSite","@id":"https:\/\/nurso.biz\/#website","url":"https:\/\/nurso.biz\/","name":"Nurso B2B Shop","description":"Wir verkaufen nur die beste Qualit\u00e4t!","publisher":{"@id":"https:\/\/nurso.biz\/#organization"},"potentialAction":[{"@type":"SearchAction","target":{"@type":"EntryPoint","urlTemplate":"https:\/\/nurso.biz\/?s={search_term_string}"},"query-input":{"@type":"PropertyValueSpecification","valueRequired":true,"valueName":"search_term_string"}}],"inLanguage":"en-US"},{"@type":"Organization","@id":"https:\/\/nurso.biz\/#organization","name":"Nurso GmbH","url":"https:\/\/nurso.biz\/","logo":{"@type":"ImageObject","inLanguage":"en-US","@id":"https:\/\/nurso.biz\/#\/schema\/logo\/image\/","url":"https:\/\/nurso.biz\/wp-content\/uploads\/2021\/07\/nurso_logo_dark.png","contentUrl":"https:\/\/nurso.biz\/wp-content\/uploads\/2021\/07\/nurso_logo_dark.png","width":198,"height":44,"caption":"Nurso GmbH"},"image":{"@id":"https:\/\/nurso.biz\/#\/schema\/logo\/image\/"}}]}},"_links":{"self":[{"href":"https:\/\/nurso.biz\/en\/wp-json\/wp\/v2\/product\/583349","targetHints":{"allow":["GET"]}}],"collection":[{"href":"https:\/\/nurso.biz\/en\/wp-json\/wp\/v2\/product"}],"about":[{"href":"https:\/\/nurso.biz\/en\/wp-json\/wp\/v2\/types\/product"}],"replies":[{"embeddable":true,"href":"https:\/\/nurso.biz\/en\/wp-json\/wp\/v2\/comments?post=583349"}],"wp:featuredmedia":[{"embeddable":true,"href":"https:\/\/nurso.biz\/en\/wp-json\/wp\/v2\/media\/583367"}],"wp:attachment":[{"href":"https:\/\/nurso.biz\/en\/wp-json\/wp\/v2\/media?parent=583349"}],"wp:term":[{"taxonomy":"product_brand","embeddable":true,"href":"https:\/\/nurso.biz\/en\/wp-json\/wp\/v2\/product_brand?post=583349"},{"taxonomy":"product_cat","embeddable":true,"href":"https:\/\/nurso.biz\/en\/wp-json\/wp\/v2\/product_cat?post=583349"},{"taxonomy":"product_tag","embeddable":true,"href":"https:\/\/nurso.biz\/en\/wp-json\/wp\/v2\/product_tag?post=583349"}],"curies":[{"name":"wp","href":"https:\/\/api.w.org\/{rel}","templated":true}]}}