{"id":544804,"date":"2022-05-17T21:39:07","date_gmt":"2022-05-17T19:39:07","guid":{"rendered":"https:\/\/nurso.biz\/?post_type=product&#038;p=544804"},"modified":"2025-02-19T09:56:22","modified_gmt":"2025-02-19T08:56:22","slug":"teekanne-aus-porzellan-mit-glasur-800-ml","status":"publish","type":"product","link":"https:\/\/nurso.biz\/en\/produkt\/teekanne-aus-porzellan-mit-glasur-800-ml\/","title":{"rendered":"Teekanne aus Porzellan mit Glasur 800 ml"},"content":{"rendered":"<p><strong>Teekanne aus Porzellan mit Glasur\u00a0<\/strong><\/p>\n<p>So manch einer genie\u00dft gerne einen Tee, der mit seinem Aroma das Vorgef\u00fchl eines guten Tages best\u00e4rkt. Neben s\u00fc\u00dfem Geb\u00e4ck und guter Gesellschaft ist die Teekanne mit Farbakzenten k\u00fcnstlerisch angehaucht und einzigartig in seiner Art.\u00a0Blau in verschiedenen T\u00f6nen\u00a0mit braunen Sprenkeln, braunem Rand\u00a0und insbesondere einer Glasur verleiht dieser Teekanne besondere Sch\u00f6nheit.<\/p>\n<p>Sp\u00fclmaschinenfest- und mikrowellengeeignet.<\/p>\n<p>&nbsp;<\/p>\n","protected":false},"excerpt":{"rendered":"<p>Volumen: 800 ml<\/p>\n<p>Lieferzeit: 2-3 Tage.<\/p>\n","protected":false},"featured_media":544827,"comment_status":"open","ping_status":"closed","template":"","meta":[],"product_brand":[],"product_cat":[182,181,85,225],"product_tag":[],"class_list":{"0":"post-544804","1":"product","2":"type-product","3":"status-publish","4":"has-post-thumbnail","6":"product_cat-bleu","7":"product_cat-charmante-2","8":"product_cat-geschirr","9":"product_cat-teekannen","10":"no_brettschneider-brettschneider-deaktivieren","12":"first","13":"instock","14":"taxable","15":"shipping-taxable","16":"product-type-simple"},"yoast_head":"<!-- This site is optimized with the Yoast SEO plugin v27.3 - https:\/\/yoast.com\/product\/yoast-seo-wordpress\/ -->\n<title>Teekanne aus Porzellan mit Glasur 800 ml - Nurso B2B Shop<\/title>\n<meta name=\"robots\" content=\"index, follow, max-snippet:-1, max-image-preview:large, max-video-preview:-1\" \/>\n<link rel=\"canonical\" href=\"https:\/\/nurso.biz\/produkt\/teekanne-aus-porzellan-mit-glasur-800-ml\/\" \/>\n<meta property=\"og:locale\" content=\"en_US\" \/>\n<meta property=\"og:type\" content=\"article\" \/>\n<meta property=\"og:title\" content=\"Teekanne aus Porzellan mit Glasur 800 ml - Nurso B2B Shop\" \/>\n<meta property=\"og:description\" content=\"Volumen: 800 ml  Lieferzeit: 2-3 Tage.\" \/>\n<meta property=\"og:url\" content=\"https:\/\/nurso.biz\/produkt\/teekanne-aus-porzellan-mit-glasur-800-ml\/\" \/>\n<meta property=\"og:site_name\" content=\"Nurso B2B Shop\" \/>\n<meta property=\"article:modified_time\" content=\"2025-02-19T08:56:22+00:00\" \/>\n<meta property=\"og:image\" content=\"https:\/\/nurso.biz\/wp-content\/uploads\/2022\/05\/Teekanne-Bleau-800-ml.jpg\" \/>\n\t<meta property=\"og:image:width\" content=\"500\" \/>\n\t<meta property=\"og:image:height\" content=\"500\" \/>\n\t<meta property=\"og:image:type\" content=\"image\/jpeg\" \/>\n<meta name=\"twitter:card\" content=\"summary_large_image\" \/>\n<meta name=\"twitter:label1\" content=\"Est. reading time\" \/>\n\t<meta name=\"twitter:data1\" content=\"1 minute\" \/>\n<script type=\"application\/ld+json\" class=\"yoast-schema-graph\">{\"@context\":\"https:\\\/\\\/schema.org\",\"@graph\":[{\"@type\":\"WebPage\",\"@id\":\"https:\\\/\\\/nurso.biz\\\/produkt\\\/teekanne-aus-porzellan-mit-glasur-800-ml\\\/\",\"url\":\"https:\\\/\\\/nurso.biz\\\/produkt\\\/teekanne-aus-porzellan-mit-glasur-800-ml\\\/\",\"name\":\"Teekanne aus Porzellan mit Glasur 800 ml - Nurso B2B Shop\",\"isPartOf\":{\"@id\":\"https:\\\/\\\/nurso.biz\\\/#website\"},\"primaryImageOfPage\":{\"@id\":\"https:\\\/\\\/nurso.biz\\\/produkt\\\/teekanne-aus-porzellan-mit-glasur-800-ml\\\/#primaryimage\"},\"image\":{\"@id\":\"https:\\\/\\\/nurso.biz\\\/produkt\\\/teekanne-aus-porzellan-mit-glasur-800-ml\\\/#primaryimage\"},\"thumbnailUrl\":\"https:\\\/\\\/nurso.biz\\\/wp-content\\\/uploads\\\/2022\\\/05\\\/Teekanne-Bleau-800-ml.jpg\",\"datePublished\":\"2022-05-17T19:39:07+00:00\",\"dateModified\":\"2025-02-19T08:56:22+00:00\",\"breadcrumb\":{\"@id\":\"https:\\\/\\\/nurso.biz\\\/produkt\\\/teekanne-aus-porzellan-mit-glasur-800-ml\\\/#breadcrumb\"},\"inLanguage\":\"en-US\",\"potentialAction\":[{\"@type\":\"ReadAction\",\"target\":[\"https:\\\/\\\/nurso.biz\\\/produkt\\\/teekanne-aus-porzellan-mit-glasur-800-ml\\\/\"]}]},{\"@type\":\"ImageObject\",\"inLanguage\":\"en-US\",\"@id\":\"https:\\\/\\\/nurso.biz\\\/produkt\\\/teekanne-aus-porzellan-mit-glasur-800-ml\\\/#primaryimage\",\"url\":\"https:\\\/\\\/nurso.biz\\\/wp-content\\\/uploads\\\/2022\\\/05\\\/Teekanne-Bleau-800-ml.jpg\",\"contentUrl\":\"https:\\\/\\\/nurso.biz\\\/wp-content\\\/uploads\\\/2022\\\/05\\\/Teekanne-Bleau-800-ml.jpg\",\"width\":500,\"height\":500},{\"@type\":\"BreadcrumbList\",\"@id\":\"https:\\\/\\\/nurso.biz\\\/produkt\\\/teekanne-aus-porzellan-mit-glasur-800-ml\\\/#breadcrumb\",\"itemListElement\":[{\"@type\":\"ListItem\",\"position\":1,\"name\":\"Home\",\"item\":\"https:\\\/\\\/nurso.biz\\\/\"},{\"@type\":\"ListItem\",\"position\":2,\"name\":\"Produkte\",\"item\":\"https:\\\/\\\/nurso.biz\\\/shop\\\/\"},{\"@type\":\"ListItem\",\"position\":3,\"name\":\"Teekanne aus Porzellan mit Glasur 800 ml\"}]},{\"@type\":\"WebSite\",\"@id\":\"https:\\\/\\\/nurso.biz\\\/#website\",\"url\":\"https:\\\/\\\/nurso.biz\\\/\",\"name\":\"Nurso B2B Shop\",\"description\":\"Wir verkaufen nur die beste Qualit\u00e4t!\",\"publisher\":{\"@id\":\"https:\\\/\\\/nurso.biz\\\/#organization\"},\"potentialAction\":[{\"@type\":\"SearchAction\",\"target\":{\"@type\":\"EntryPoint\",\"urlTemplate\":\"https:\\\/\\\/nurso.biz\\\/?s={search_term_string}\"},\"query-input\":{\"@type\":\"PropertyValueSpecification\",\"valueRequired\":true,\"valueName\":\"search_term_string\"}}],\"inLanguage\":\"en-US\"},{\"@type\":\"Organization\",\"@id\":\"https:\\\/\\\/nurso.biz\\\/#organization\",\"name\":\"Nurso GmbH\",\"url\":\"https:\\\/\\\/nurso.biz\\\/\",\"logo\":{\"@type\":\"ImageObject\",\"inLanguage\":\"en-US\",\"@id\":\"https:\\\/\\\/nurso.biz\\\/#\\\/schema\\\/logo\\\/image\\\/\",\"url\":\"https:\\\/\\\/nurso.biz\\\/wp-content\\\/uploads\\\/2021\\\/07\\\/nurso_logo_dark.png\",\"contentUrl\":\"https:\\\/\\\/nurso.biz\\\/wp-content\\\/uploads\\\/2021\\\/07\\\/nurso_logo_dark.png\",\"width\":198,\"height\":44,\"caption\":\"Nurso GmbH\"},\"image\":{\"@id\":\"https:\\\/\\\/nurso.biz\\\/#\\\/schema\\\/logo\\\/image\\\/\"}}]}<\/script>\n<!-- \/ Yoast SEO plugin. -->","yoast_head_json":{"title":"Teekanne aus Porzellan mit Glasur 800 ml - Nurso B2B Shop","robots":{"index":"index","follow":"follow","max-snippet":"max-snippet:-1","max-image-preview":"max-image-preview:large","max-video-preview":"max-video-preview:-1"},"canonical":"https:\/\/nurso.biz\/produkt\/teekanne-aus-porzellan-mit-glasur-800-ml\/","og_locale":"en_US","og_type":"article","og_title":"Teekanne aus Porzellan mit Glasur 800 ml - Nurso B2B Shop","og_description":"Volumen: 800 ml  Lieferzeit: 2-3 Tage.","og_url":"https:\/\/nurso.biz\/produkt\/teekanne-aus-porzellan-mit-glasur-800-ml\/","og_site_name":"Nurso B2B Shop","article_modified_time":"2025-02-19T08:56:22+00:00","og_image":[{"width":500,"height":500,"url":"https:\/\/nurso.biz\/wp-content\/uploads\/2022\/05\/Teekanne-Bleau-800-ml.jpg","type":"image\/jpeg"}],"twitter_card":"summary_large_image","twitter_misc":{"Est. reading time":"1 minute"},"schema":{"@context":"https:\/\/schema.org","@graph":[{"@type":"WebPage","@id":"https:\/\/nurso.biz\/produkt\/teekanne-aus-porzellan-mit-glasur-800-ml\/","url":"https:\/\/nurso.biz\/produkt\/teekanne-aus-porzellan-mit-glasur-800-ml\/","name":"Teekanne aus Porzellan mit Glasur 800 ml - Nurso B2B Shop","isPartOf":{"@id":"https:\/\/nurso.biz\/#website"},"primaryImageOfPage":{"@id":"https:\/\/nurso.biz\/produkt\/teekanne-aus-porzellan-mit-glasur-800-ml\/#primaryimage"},"image":{"@id":"https:\/\/nurso.biz\/produkt\/teekanne-aus-porzellan-mit-glasur-800-ml\/#primaryimage"},"thumbnailUrl":"https:\/\/nurso.biz\/wp-content\/uploads\/2022\/05\/Teekanne-Bleau-800-ml.jpg","datePublished":"2022-05-17T19:39:07+00:00","dateModified":"2025-02-19T08:56:22+00:00","breadcrumb":{"@id":"https:\/\/nurso.biz\/produkt\/teekanne-aus-porzellan-mit-glasur-800-ml\/#breadcrumb"},"inLanguage":"en-US","potentialAction":[{"@type":"ReadAction","target":["https:\/\/nurso.biz\/produkt\/teekanne-aus-porzellan-mit-glasur-800-ml\/"]}]},{"@type":"ImageObject","inLanguage":"en-US","@id":"https:\/\/nurso.biz\/produkt\/teekanne-aus-porzellan-mit-glasur-800-ml\/#primaryimage","url":"https:\/\/nurso.biz\/wp-content\/uploads\/2022\/05\/Teekanne-Bleau-800-ml.jpg","contentUrl":"https:\/\/nurso.biz\/wp-content\/uploads\/2022\/05\/Teekanne-Bleau-800-ml.jpg","width":500,"height":500},{"@type":"BreadcrumbList","@id":"https:\/\/nurso.biz\/produkt\/teekanne-aus-porzellan-mit-glasur-800-ml\/#breadcrumb","itemListElement":[{"@type":"ListItem","position":1,"name":"Home","item":"https:\/\/nurso.biz\/"},{"@type":"ListItem","position":2,"name":"Produkte","item":"https:\/\/nurso.biz\/shop\/"},{"@type":"ListItem","position":3,"name":"Teekanne aus Porzellan mit Glasur 800 ml"}]},{"@type":"WebSite","@id":"https:\/\/nurso.biz\/#website","url":"https:\/\/nurso.biz\/","name":"Nurso B2B Shop","description":"Wir verkaufen nur die beste Qualit\u00e4t!","publisher":{"@id":"https:\/\/nurso.biz\/#organization"},"potentialAction":[{"@type":"SearchAction","target":{"@type":"EntryPoint","urlTemplate":"https:\/\/nurso.biz\/?s={search_term_string}"},"query-input":{"@type":"PropertyValueSpecification","valueRequired":true,"valueName":"search_term_string"}}],"inLanguage":"en-US"},{"@type":"Organization","@id":"https:\/\/nurso.biz\/#organization","name":"Nurso GmbH","url":"https:\/\/nurso.biz\/","logo":{"@type":"ImageObject","inLanguage":"en-US","@id":"https:\/\/nurso.biz\/#\/schema\/logo\/image\/","url":"https:\/\/nurso.biz\/wp-content\/uploads\/2021\/07\/nurso_logo_dark.png","contentUrl":"https:\/\/nurso.biz\/wp-content\/uploads\/2021\/07\/nurso_logo_dark.png","width":198,"height":44,"caption":"Nurso GmbH"},"image":{"@id":"https:\/\/nurso.biz\/#\/schema\/logo\/image\/"}}]}},"_links":{"self":[{"href":"https:\/\/nurso.biz\/en\/wp-json\/wp\/v2\/product\/544804","targetHints":{"allow":["GET"]}}],"collection":[{"href":"https:\/\/nurso.biz\/en\/wp-json\/wp\/v2\/product"}],"about":[{"href":"https:\/\/nurso.biz\/en\/wp-json\/wp\/v2\/types\/product"}],"replies":[{"embeddable":true,"href":"https:\/\/nurso.biz\/en\/wp-json\/wp\/v2\/comments?post=544804"}],"wp:featuredmedia":[{"embeddable":true,"href":"https:\/\/nurso.biz\/en\/wp-json\/wp\/v2\/media\/544827"}],"wp:attachment":[{"href":"https:\/\/nurso.biz\/en\/wp-json\/wp\/v2\/media?parent=544804"}],"wp:term":[{"taxonomy":"product_brand","embeddable":true,"href":"https:\/\/nurso.biz\/en\/wp-json\/wp\/v2\/product_brand?post=544804"},{"taxonomy":"product_cat","embeddable":true,"href":"https:\/\/nurso.biz\/en\/wp-json\/wp\/v2\/product_cat?post=544804"},{"taxonomy":"product_tag","embeddable":true,"href":"https:\/\/nurso.biz\/en\/wp-json\/wp\/v2\/product_tag?post=544804"}],"curies":[{"name":"wp","href":"https:\/\/api.w.org\/{rel}","templated":true}]}}