{"id":4999,"date":"2015-11-21T14:01:02","date_gmt":"2015-11-21T13:01:02","guid":{"rendered":"https:\/\/nurso.biz\/?post_type=product&#038;p=4999"},"modified":"2025-02-19T13:06:01","modified_gmt":"2025-02-19T12:06:01","slug":"tee-tasse-9839-6er-set","status":"publish","type":"product","link":"https:\/\/nurso.biz\/en\/produkt\/tee-tasse-9839-6er-set\/","title":{"rendered":"Kaffee- \/ Teetasse und Untertasse aus Bone China Porzellan  230 ml 6er Set"},"content":{"rendered":"<p><strong>Kaffee-\/ Teetasse und Untertasse aus Bone China Porzellan<\/strong><\/p>\n<p>Vom Schwarzen bis hin zum Rooibos Tee und von dem Kaffee der Arabica Str\u00e4ucher bis hin zum teueren Kopi Luwak Kaffee- alle Art Tee-und Kaffeesorte l\u00e4sst sich mit dieser\u00a0Tasse ausleben.<br \/>\nZu Erhalten ist dieses<em> 6er Set<\/em> mit <em>6 Unterteller<\/em> und<em> 6 Obertassen<\/em>.<\/p>\n<p>Ebenfalls zu erw\u00e4hnen ist, dass der Unterteller mit einer praktischen Erhebung versehen ist, die dazu dient, dass die Kaffeetasse fest steht und zeitgleich auch dem Entwurf dieses Produktes eine gewisse Klasse verleiht.<\/p>\n<p>Sowohl sp\u00fclmaschinenfest, als auch mikrowellengeeignet fehlt es diesen festen, strahlend wei\u00dfen und gl\u00e4nzenden Obertassen und Untertassen auch nicht an wichtigen Eigenschaften.<\/p>\n","protected":false},"excerpt":{"rendered":"<p>230 ml<\/p>\n<p>Lieferzeit: 2-3 Tage.<\/p>\n","protected":false},"featured_media":4992,"comment_status":"open","ping_status":"closed","template":"","meta":[],"product_brand":[],"product_cat":[85,111],"product_tag":[],"class_list":{"0":"post-4999","1":"product","2":"type-product","3":"status-publish","4":"has-post-thumbnail","6":"product_cat-geschirr","7":"product_cat-teetassen","8":"no_brettschneider-brettschneider-deaktivieren","10":"first","11":"instock","12":"taxable","13":"shipping-taxable","14":"product-type-simple"},"yoast_head":"<!-- This site is optimized with the Yoast SEO plugin v27.4 - https:\/\/yoast.com\/product\/yoast-seo-wordpress\/ -->\n<title>Kaffee- \/ Teetasse und Untertasse aus Bone China Porzellan 230 ml 6er Set - Nurso B2B Shop<\/title>\n<meta name=\"robots\" content=\"index, follow, max-snippet:-1, max-image-preview:large, max-video-preview:-1\" \/>\n<link rel=\"canonical\" href=\"https:\/\/nurso.biz\/produkt\/tee-tasse-9839-6er-set\/\" \/>\n<meta property=\"og:locale\" content=\"en_US\" \/>\n<meta property=\"og:type\" content=\"article\" \/>\n<meta property=\"og:title\" content=\"Kaffee- \/ Teetasse und Untertasse aus Bone China Porzellan 230 ml 6er Set - Nurso B2B Shop\" \/>\n<meta property=\"og:description\" content=\"230 ml  Lieferzeit: 2-3 Tage.\" \/>\n<meta property=\"og:url\" content=\"https:\/\/nurso.biz\/produkt\/tee-tasse-9839-6er-set\/\" \/>\n<meta property=\"og:site_name\" content=\"Nurso B2B Shop\" \/>\n<meta property=\"article:modified_time\" content=\"2025-02-19T12:06:01+00:00\" \/>\n<meta property=\"og:image\" content=\"https:\/\/nurso.biz\/wp-content\/uploads\/2015\/11\/9839-31000027465-Tee-Tasse-6er-Set.jpg\" \/>\n\t<meta property=\"og:image:width\" content=\"500\" \/>\n\t<meta property=\"og:image:height\" content=\"500\" \/>\n\t<meta property=\"og:image:type\" content=\"image\/jpeg\" \/>\n<meta name=\"twitter:card\" content=\"summary_large_image\" \/>\n<meta name=\"twitter:label1\" content=\"Est. reading time\" \/>\n\t<meta name=\"twitter:data1\" content=\"1 minute\" \/>\n<script type=\"application\/ld+json\" class=\"yoast-schema-graph\">{\"@context\":\"https:\\\/\\\/schema.org\",\"@graph\":[{\"@type\":\"WebPage\",\"@id\":\"https:\\\/\\\/nurso.biz\\\/produkt\\\/tee-tasse-9839-6er-set\\\/\",\"url\":\"https:\\\/\\\/nurso.biz\\\/produkt\\\/tee-tasse-9839-6er-set\\\/\",\"name\":\"Kaffee- \\\/ Teetasse und Untertasse aus Bone China Porzellan 230 ml 6er Set - Nurso B2B Shop\",\"isPartOf\":{\"@id\":\"https:\\\/\\\/nurso.biz\\\/#website\"},\"primaryImageOfPage\":{\"@id\":\"https:\\\/\\\/nurso.biz\\\/produkt\\\/tee-tasse-9839-6er-set\\\/#primaryimage\"},\"image\":{\"@id\":\"https:\\\/\\\/nurso.biz\\\/produkt\\\/tee-tasse-9839-6er-set\\\/#primaryimage\"},\"thumbnailUrl\":\"https:\\\/\\\/nurso.biz\\\/wp-content\\\/uploads\\\/2015\\\/11\\\/9839-31000027465-Tee-Tasse-6er-Set.jpg\",\"datePublished\":\"2015-11-21T13:01:02+00:00\",\"dateModified\":\"2025-02-19T12:06:01+00:00\",\"breadcrumb\":{\"@id\":\"https:\\\/\\\/nurso.biz\\\/produkt\\\/tee-tasse-9839-6er-set\\\/#breadcrumb\"},\"inLanguage\":\"en-US\",\"potentialAction\":[{\"@type\":\"ReadAction\",\"target\":[\"https:\\\/\\\/nurso.biz\\\/produkt\\\/tee-tasse-9839-6er-set\\\/\"]}]},{\"@type\":\"ImageObject\",\"inLanguage\":\"en-US\",\"@id\":\"https:\\\/\\\/nurso.biz\\\/produkt\\\/tee-tasse-9839-6er-set\\\/#primaryimage\",\"url\":\"https:\\\/\\\/nurso.biz\\\/wp-content\\\/uploads\\\/2015\\\/11\\\/9839-31000027465-Tee-Tasse-6er-Set.jpg\",\"contentUrl\":\"https:\\\/\\\/nurso.biz\\\/wp-content\\\/uploads\\\/2015\\\/11\\\/9839-31000027465-Tee-Tasse-6er-Set.jpg\",\"width\":500,\"height\":500,\"caption\":\"Kaffee- \\\/ Teetasse und Untertasse aus Porzellan 230 ml 6er Set\"},{\"@type\":\"BreadcrumbList\",\"@id\":\"https:\\\/\\\/nurso.biz\\\/produkt\\\/tee-tasse-9839-6er-set\\\/#breadcrumb\",\"itemListElement\":[{\"@type\":\"ListItem\",\"position\":1,\"name\":\"Home\",\"item\":\"https:\\\/\\\/nurso.biz\\\/\"},{\"@type\":\"ListItem\",\"position\":2,\"name\":\"Produkte\",\"item\":\"https:\\\/\\\/nurso.biz\\\/shop\\\/\"},{\"@type\":\"ListItem\",\"position\":3,\"name\":\"Kaffee- \\\/ Teetasse und Untertasse aus Bone China Porzellan 230 ml 6er Set\"}]},{\"@type\":\"WebSite\",\"@id\":\"https:\\\/\\\/nurso.biz\\\/#website\",\"url\":\"https:\\\/\\\/nurso.biz\\\/\",\"name\":\"Nurso B2B Shop\",\"description\":\"Wir verkaufen nur die beste Qualit\u00e4t!\",\"publisher\":{\"@id\":\"https:\\\/\\\/nurso.biz\\\/#organization\"},\"potentialAction\":[{\"@type\":\"SearchAction\",\"target\":{\"@type\":\"EntryPoint\",\"urlTemplate\":\"https:\\\/\\\/nurso.biz\\\/?s={search_term_string}\"},\"query-input\":{\"@type\":\"PropertyValueSpecification\",\"valueRequired\":true,\"valueName\":\"search_term_string\"}}],\"inLanguage\":\"en-US\"},{\"@type\":\"Organization\",\"@id\":\"https:\\\/\\\/nurso.biz\\\/#organization\",\"name\":\"Nurso GmbH\",\"url\":\"https:\\\/\\\/nurso.biz\\\/\",\"logo\":{\"@type\":\"ImageObject\",\"inLanguage\":\"en-US\",\"@id\":\"https:\\\/\\\/nurso.biz\\\/#\\\/schema\\\/logo\\\/image\\\/\",\"url\":\"https:\\\/\\\/nurso.biz\\\/wp-content\\\/uploads\\\/2021\\\/07\\\/nurso_logo_dark.png\",\"contentUrl\":\"https:\\\/\\\/nurso.biz\\\/wp-content\\\/uploads\\\/2021\\\/07\\\/nurso_logo_dark.png\",\"width\":198,\"height\":44,\"caption\":\"Nurso GmbH\"},\"image\":{\"@id\":\"https:\\\/\\\/nurso.biz\\\/#\\\/schema\\\/logo\\\/image\\\/\"}}]}<\/script>\n<!-- \/ Yoast SEO plugin. -->","yoast_head_json":{"title":"Kaffee- \/ Teetasse und Untertasse aus Bone China Porzellan 230 ml 6er Set - Nurso B2B Shop","robots":{"index":"index","follow":"follow","max-snippet":"max-snippet:-1","max-image-preview":"max-image-preview:large","max-video-preview":"max-video-preview:-1"},"canonical":"https:\/\/nurso.biz\/produkt\/tee-tasse-9839-6er-set\/","og_locale":"en_US","og_type":"article","og_title":"Kaffee- \/ Teetasse und Untertasse aus Bone China Porzellan 230 ml 6er Set - Nurso B2B Shop","og_description":"230 ml  Lieferzeit: 2-3 Tage.","og_url":"https:\/\/nurso.biz\/produkt\/tee-tasse-9839-6er-set\/","og_site_name":"Nurso B2B Shop","article_modified_time":"2025-02-19T12:06:01+00:00","og_image":[{"width":500,"height":500,"url":"https:\/\/nurso.biz\/wp-content\/uploads\/2015\/11\/9839-31000027465-Tee-Tasse-6er-Set.jpg","type":"image\/jpeg"}],"twitter_card":"summary_large_image","twitter_misc":{"Est. reading time":"1 minute"},"schema":{"@context":"https:\/\/schema.org","@graph":[{"@type":"WebPage","@id":"https:\/\/nurso.biz\/produkt\/tee-tasse-9839-6er-set\/","url":"https:\/\/nurso.biz\/produkt\/tee-tasse-9839-6er-set\/","name":"Kaffee- \/ Teetasse und Untertasse aus Bone China Porzellan 230 ml 6er Set - Nurso B2B Shop","isPartOf":{"@id":"https:\/\/nurso.biz\/#website"},"primaryImageOfPage":{"@id":"https:\/\/nurso.biz\/produkt\/tee-tasse-9839-6er-set\/#primaryimage"},"image":{"@id":"https:\/\/nurso.biz\/produkt\/tee-tasse-9839-6er-set\/#primaryimage"},"thumbnailUrl":"https:\/\/nurso.biz\/wp-content\/uploads\/2015\/11\/9839-31000027465-Tee-Tasse-6er-Set.jpg","datePublished":"2015-11-21T13:01:02+00:00","dateModified":"2025-02-19T12:06:01+00:00","breadcrumb":{"@id":"https:\/\/nurso.biz\/produkt\/tee-tasse-9839-6er-set\/#breadcrumb"},"inLanguage":"en-US","potentialAction":[{"@type":"ReadAction","target":["https:\/\/nurso.biz\/produkt\/tee-tasse-9839-6er-set\/"]}]},{"@type":"ImageObject","inLanguage":"en-US","@id":"https:\/\/nurso.biz\/produkt\/tee-tasse-9839-6er-set\/#primaryimage","url":"https:\/\/nurso.biz\/wp-content\/uploads\/2015\/11\/9839-31000027465-Tee-Tasse-6er-Set.jpg","contentUrl":"https:\/\/nurso.biz\/wp-content\/uploads\/2015\/11\/9839-31000027465-Tee-Tasse-6er-Set.jpg","width":500,"height":500,"caption":"Kaffee- \/ Teetasse und Untertasse aus Porzellan 230 ml 6er Set"},{"@type":"BreadcrumbList","@id":"https:\/\/nurso.biz\/produkt\/tee-tasse-9839-6er-set\/#breadcrumb","itemListElement":[{"@type":"ListItem","position":1,"name":"Home","item":"https:\/\/nurso.biz\/"},{"@type":"ListItem","position":2,"name":"Produkte","item":"https:\/\/nurso.biz\/shop\/"},{"@type":"ListItem","position":3,"name":"Kaffee- \/ Teetasse und Untertasse aus Bone China Porzellan 230 ml 6er Set"}]},{"@type":"WebSite","@id":"https:\/\/nurso.biz\/#website","url":"https:\/\/nurso.biz\/","name":"Nurso B2B Shop","description":"Wir verkaufen nur die beste Qualit\u00e4t!","publisher":{"@id":"https:\/\/nurso.biz\/#organization"},"potentialAction":[{"@type":"SearchAction","target":{"@type":"EntryPoint","urlTemplate":"https:\/\/nurso.biz\/?s={search_term_string}"},"query-input":{"@type":"PropertyValueSpecification","valueRequired":true,"valueName":"search_term_string"}}],"inLanguage":"en-US"},{"@type":"Organization","@id":"https:\/\/nurso.biz\/#organization","name":"Nurso GmbH","url":"https:\/\/nurso.biz\/","logo":{"@type":"ImageObject","inLanguage":"en-US","@id":"https:\/\/nurso.biz\/#\/schema\/logo\/image\/","url":"https:\/\/nurso.biz\/wp-content\/uploads\/2021\/07\/nurso_logo_dark.png","contentUrl":"https:\/\/nurso.biz\/wp-content\/uploads\/2021\/07\/nurso_logo_dark.png","width":198,"height":44,"caption":"Nurso GmbH"},"image":{"@id":"https:\/\/nurso.biz\/#\/schema\/logo\/image\/"}}]}},"_links":{"self":[{"href":"https:\/\/nurso.biz\/en\/wp-json\/wp\/v2\/product\/4999","targetHints":{"allow":["GET"]}}],"collection":[{"href":"https:\/\/nurso.biz\/en\/wp-json\/wp\/v2\/product"}],"about":[{"href":"https:\/\/nurso.biz\/en\/wp-json\/wp\/v2\/types\/product"}],"replies":[{"embeddable":true,"href":"https:\/\/nurso.biz\/en\/wp-json\/wp\/v2\/comments?post=4999"}],"wp:featuredmedia":[{"embeddable":true,"href":"https:\/\/nurso.biz\/en\/wp-json\/wp\/v2\/media\/4992"}],"wp:attachment":[{"href":"https:\/\/nurso.biz\/en\/wp-json\/wp\/v2\/media?parent=4999"}],"wp:term":[{"taxonomy":"product_brand","embeddable":true,"href":"https:\/\/nurso.biz\/en\/wp-json\/wp\/v2\/product_brand?post=4999"},{"taxonomy":"product_cat","embeddable":true,"href":"https:\/\/nurso.biz\/en\/wp-json\/wp\/v2\/product_cat?post=4999"},{"taxonomy":"product_tag","embeddable":true,"href":"https:\/\/nurso.biz\/en\/wp-json\/wp\/v2\/product_tag?post=4999"}],"curies":[{"name":"wp","href":"https:\/\/api.w.org\/{rel}","templated":true}]}}