{"id":478624,"date":"2022-01-25T21:41:39","date_gmt":"2022-01-25T20:41:39","guid":{"rendered":"https:\/\/nurso.biz\/?post_type=product&#038;p=478624"},"modified":"2025-02-17T15:10:29","modified_gmt":"2025-02-17T14:10:29","slug":"tafelbesteck-set-maud-24-teilig","status":"publish","type":"product","link":"https:\/\/nurso.biz\/en\/produkt\/tafelbesteck-set-maud-24-teilig\/","title":{"rendered":"Tafelbesteck-Set Maud, 24-teilig"},"content":{"rendered":"<p><strong>MAUD \u00a0Tafelbesteck-Set, 24 teilig<\/strong><\/p>\n<div>\n<div>\n<div>Das 24-teilige Besteck-Set wurde von Topdesignern Skandinaviens entworfen und wird aus hochwertigem 18\/10 Edelstahl hergestellt. Besonders wird darauf Wert gelegt, wie sich das edle Besteck in der Hand anf\u00fchlt. Dank der einzigartigen Gestaltung wird jedem Esstisch ein besonderes Ambiente verliehen.<br \/>\nMaud\u00b4s Besonderheit ist eine matte, sandgestrahlte Oberfl\u00e4che.<\/div>\n<\/div>\n<\/div>\n<p>Jedes Abendessen verdient ein sch\u00f6nes Besteck. In diesem Besteck befinden sich 6 Gabeln, 6 Messer, 6 L\u00f6ffel und 6 kleine L\u00f6ffel.<\/p>\n","protected":false},"excerpt":{"rendered":"<p>Lieferzeit: 2-3 Tage.<\/p>\n","protected":false},"featured_media":563914,"comment_status":"open","ping_status":"closed","template":"","meta":[],"product_brand":[],"product_cat":[122,153,152,239],"product_tag":[],"class_list":{"0":"post-478624","1":"product","2":"type-product","3":"status-publish","4":"has-post-thumbnail","6":"product_cat-besteck-2","7":"product_cat-besteck-sets-2","8":"product_cat-hardanger-bestikk","9":"product_cat-maud","11":"first","12":"instock","13":"taxable","14":"shipping-taxable","15":"product-type-simple"},"yoast_head":"<!-- This site is optimized with the Yoast SEO plugin v27.3 - https:\/\/yoast.com\/product\/yoast-seo-wordpress\/ -->\n<title>Tafelbesteck-Set Maud, 24-teilig - Nurso B2B Shop<\/title>\n<meta name=\"robots\" content=\"index, follow, max-snippet:-1, max-image-preview:large, max-video-preview:-1\" \/>\n<link rel=\"canonical\" href=\"https:\/\/nurso.biz\/produkt\/tafelbesteck-set-maud-24-teilig\/\" \/>\n<meta property=\"og:locale\" content=\"en_US\" \/>\n<meta property=\"og:type\" content=\"article\" \/>\n<meta property=\"og:title\" content=\"Tafelbesteck-Set Maud, 24-teilig - Nurso B2B Shop\" \/>\n<meta property=\"og:description\" content=\"Lieferzeit: 2-3 Tage.\" \/>\n<meta property=\"og:url\" content=\"https:\/\/nurso.biz\/produkt\/tafelbesteck-set-maud-24-teilig\/\" \/>\n<meta property=\"og:site_name\" content=\"Nurso B2B Shop\" \/>\n<meta property=\"article:modified_time\" content=\"2025-02-17T14:10:29+00:00\" \/>\n<meta property=\"og:image\" content=\"https:\/\/nurso.biz\/wp-content\/uploads\/2022\/06\/Maud-Hintergrund-weis.jpg\" \/>\n\t<meta property=\"og:image:width\" content=\"1200\" \/>\n\t<meta property=\"og:image:height\" content=\"1200\" \/>\n\t<meta property=\"og:image:type\" content=\"image\/jpeg\" \/>\n<meta name=\"twitter:card\" content=\"summary_large_image\" \/>\n<meta name=\"twitter:label1\" content=\"Est. reading time\" \/>\n\t<meta name=\"twitter:data1\" content=\"1 minute\" \/>\n<script type=\"application\/ld+json\" class=\"yoast-schema-graph\">{\"@context\":\"https:\\\/\\\/schema.org\",\"@graph\":[{\"@type\":\"WebPage\",\"@id\":\"https:\\\/\\\/nurso.biz\\\/produkt\\\/tafelbesteck-set-maud-24-teilig\\\/\",\"url\":\"https:\\\/\\\/nurso.biz\\\/produkt\\\/tafelbesteck-set-maud-24-teilig\\\/\",\"name\":\"Tafelbesteck-Set Maud, 24-teilig - Nurso B2B Shop\",\"isPartOf\":{\"@id\":\"https:\\\/\\\/nurso.biz\\\/#website\"},\"primaryImageOfPage\":{\"@id\":\"https:\\\/\\\/nurso.biz\\\/produkt\\\/tafelbesteck-set-maud-24-teilig\\\/#primaryimage\"},\"image\":{\"@id\":\"https:\\\/\\\/nurso.biz\\\/produkt\\\/tafelbesteck-set-maud-24-teilig\\\/#primaryimage\"},\"thumbnailUrl\":\"https:\\\/\\\/nurso.biz\\\/wp-content\\\/uploads\\\/2022\\\/06\\\/Maud-Hintergrund-weis.jpg\",\"datePublished\":\"2022-01-25T20:41:39+00:00\",\"dateModified\":\"2025-02-17T14:10:29+00:00\",\"breadcrumb\":{\"@id\":\"https:\\\/\\\/nurso.biz\\\/produkt\\\/tafelbesteck-set-maud-24-teilig\\\/#breadcrumb\"},\"inLanguage\":\"en-US\",\"potentialAction\":[{\"@type\":\"ReadAction\",\"target\":[\"https:\\\/\\\/nurso.biz\\\/produkt\\\/tafelbesteck-set-maud-24-teilig\\\/\"]}]},{\"@type\":\"ImageObject\",\"inLanguage\":\"en-US\",\"@id\":\"https:\\\/\\\/nurso.biz\\\/produkt\\\/tafelbesteck-set-maud-24-teilig\\\/#primaryimage\",\"url\":\"https:\\\/\\\/nurso.biz\\\/wp-content\\\/uploads\\\/2022\\\/06\\\/Maud-Hintergrund-weis.jpg\",\"contentUrl\":\"https:\\\/\\\/nurso.biz\\\/wp-content\\\/uploads\\\/2022\\\/06\\\/Maud-Hintergrund-weis.jpg\",\"width\":1200,\"height\":1200},{\"@type\":\"BreadcrumbList\",\"@id\":\"https:\\\/\\\/nurso.biz\\\/produkt\\\/tafelbesteck-set-maud-24-teilig\\\/#breadcrumb\",\"itemListElement\":[{\"@type\":\"ListItem\",\"position\":1,\"name\":\"Home\",\"item\":\"https:\\\/\\\/nurso.biz\\\/\"},{\"@type\":\"ListItem\",\"position\":2,\"name\":\"Produkte\",\"item\":\"https:\\\/\\\/nurso.biz\\\/shop\\\/\"},{\"@type\":\"ListItem\",\"position\":3,\"name\":\"Tafelbesteck-Set Maud, 24-teilig\"}]},{\"@type\":\"WebSite\",\"@id\":\"https:\\\/\\\/nurso.biz\\\/#website\",\"url\":\"https:\\\/\\\/nurso.biz\\\/\",\"name\":\"Nurso B2B Shop\",\"description\":\"Wir verkaufen nur die beste Qualit\u00e4t!\",\"publisher\":{\"@id\":\"https:\\\/\\\/nurso.biz\\\/#organization\"},\"potentialAction\":[{\"@type\":\"SearchAction\",\"target\":{\"@type\":\"EntryPoint\",\"urlTemplate\":\"https:\\\/\\\/nurso.biz\\\/?s={search_term_string}\"},\"query-input\":{\"@type\":\"PropertyValueSpecification\",\"valueRequired\":true,\"valueName\":\"search_term_string\"}}],\"inLanguage\":\"en-US\"},{\"@type\":\"Organization\",\"@id\":\"https:\\\/\\\/nurso.biz\\\/#organization\",\"name\":\"Nurso GmbH\",\"url\":\"https:\\\/\\\/nurso.biz\\\/\",\"logo\":{\"@type\":\"ImageObject\",\"inLanguage\":\"en-US\",\"@id\":\"https:\\\/\\\/nurso.biz\\\/#\\\/schema\\\/logo\\\/image\\\/\",\"url\":\"https:\\\/\\\/nurso.biz\\\/wp-content\\\/uploads\\\/2021\\\/07\\\/nurso_logo_dark.png\",\"contentUrl\":\"https:\\\/\\\/nurso.biz\\\/wp-content\\\/uploads\\\/2021\\\/07\\\/nurso_logo_dark.png\",\"width\":198,\"height\":44,\"caption\":\"Nurso GmbH\"},\"image\":{\"@id\":\"https:\\\/\\\/nurso.biz\\\/#\\\/schema\\\/logo\\\/image\\\/\"}}]}<\/script>\n<!-- \/ Yoast SEO plugin. -->","yoast_head_json":{"title":"Tafelbesteck-Set Maud, 24-teilig - Nurso B2B Shop","robots":{"index":"index","follow":"follow","max-snippet":"max-snippet:-1","max-image-preview":"max-image-preview:large","max-video-preview":"max-video-preview:-1"},"canonical":"https:\/\/nurso.biz\/produkt\/tafelbesteck-set-maud-24-teilig\/","og_locale":"en_US","og_type":"article","og_title":"Tafelbesteck-Set Maud, 24-teilig - Nurso B2B Shop","og_description":"Lieferzeit: 2-3 Tage.","og_url":"https:\/\/nurso.biz\/produkt\/tafelbesteck-set-maud-24-teilig\/","og_site_name":"Nurso B2B Shop","article_modified_time":"2025-02-17T14:10:29+00:00","og_image":[{"width":1200,"height":1200,"url":"https:\/\/nurso.biz\/wp-content\/uploads\/2022\/06\/Maud-Hintergrund-weis.jpg","type":"image\/jpeg"}],"twitter_card":"summary_large_image","twitter_misc":{"Est. reading time":"1 minute"},"schema":{"@context":"https:\/\/schema.org","@graph":[{"@type":"WebPage","@id":"https:\/\/nurso.biz\/produkt\/tafelbesteck-set-maud-24-teilig\/","url":"https:\/\/nurso.biz\/produkt\/tafelbesteck-set-maud-24-teilig\/","name":"Tafelbesteck-Set Maud, 24-teilig - Nurso B2B Shop","isPartOf":{"@id":"https:\/\/nurso.biz\/#website"},"primaryImageOfPage":{"@id":"https:\/\/nurso.biz\/produkt\/tafelbesteck-set-maud-24-teilig\/#primaryimage"},"image":{"@id":"https:\/\/nurso.biz\/produkt\/tafelbesteck-set-maud-24-teilig\/#primaryimage"},"thumbnailUrl":"https:\/\/nurso.biz\/wp-content\/uploads\/2022\/06\/Maud-Hintergrund-weis.jpg","datePublished":"2022-01-25T20:41:39+00:00","dateModified":"2025-02-17T14:10:29+00:00","breadcrumb":{"@id":"https:\/\/nurso.biz\/produkt\/tafelbesteck-set-maud-24-teilig\/#breadcrumb"},"inLanguage":"en-US","potentialAction":[{"@type":"ReadAction","target":["https:\/\/nurso.biz\/produkt\/tafelbesteck-set-maud-24-teilig\/"]}]},{"@type":"ImageObject","inLanguage":"en-US","@id":"https:\/\/nurso.biz\/produkt\/tafelbesteck-set-maud-24-teilig\/#primaryimage","url":"https:\/\/nurso.biz\/wp-content\/uploads\/2022\/06\/Maud-Hintergrund-weis.jpg","contentUrl":"https:\/\/nurso.biz\/wp-content\/uploads\/2022\/06\/Maud-Hintergrund-weis.jpg","width":1200,"height":1200},{"@type":"BreadcrumbList","@id":"https:\/\/nurso.biz\/produkt\/tafelbesteck-set-maud-24-teilig\/#breadcrumb","itemListElement":[{"@type":"ListItem","position":1,"name":"Home","item":"https:\/\/nurso.biz\/"},{"@type":"ListItem","position":2,"name":"Produkte","item":"https:\/\/nurso.biz\/shop\/"},{"@type":"ListItem","position":3,"name":"Tafelbesteck-Set Maud, 24-teilig"}]},{"@type":"WebSite","@id":"https:\/\/nurso.biz\/#website","url":"https:\/\/nurso.biz\/","name":"Nurso B2B Shop","description":"Wir verkaufen nur die beste Qualit\u00e4t!","publisher":{"@id":"https:\/\/nurso.biz\/#organization"},"potentialAction":[{"@type":"SearchAction","target":{"@type":"EntryPoint","urlTemplate":"https:\/\/nurso.biz\/?s={search_term_string}"},"query-input":{"@type":"PropertyValueSpecification","valueRequired":true,"valueName":"search_term_string"}}],"inLanguage":"en-US"},{"@type":"Organization","@id":"https:\/\/nurso.biz\/#organization","name":"Nurso GmbH","url":"https:\/\/nurso.biz\/","logo":{"@type":"ImageObject","inLanguage":"en-US","@id":"https:\/\/nurso.biz\/#\/schema\/logo\/image\/","url":"https:\/\/nurso.biz\/wp-content\/uploads\/2021\/07\/nurso_logo_dark.png","contentUrl":"https:\/\/nurso.biz\/wp-content\/uploads\/2021\/07\/nurso_logo_dark.png","width":198,"height":44,"caption":"Nurso GmbH"},"image":{"@id":"https:\/\/nurso.biz\/#\/schema\/logo\/image\/"}}]}},"_links":{"self":[{"href":"https:\/\/nurso.biz\/en\/wp-json\/wp\/v2\/product\/478624","targetHints":{"allow":["GET"]}}],"collection":[{"href":"https:\/\/nurso.biz\/en\/wp-json\/wp\/v2\/product"}],"about":[{"href":"https:\/\/nurso.biz\/en\/wp-json\/wp\/v2\/types\/product"}],"replies":[{"embeddable":true,"href":"https:\/\/nurso.biz\/en\/wp-json\/wp\/v2\/comments?post=478624"}],"wp:featuredmedia":[{"embeddable":true,"href":"https:\/\/nurso.biz\/en\/wp-json\/wp\/v2\/media\/563914"}],"wp:attachment":[{"href":"https:\/\/nurso.biz\/en\/wp-json\/wp\/v2\/media?parent=478624"}],"wp:term":[{"taxonomy":"product_brand","embeddable":true,"href":"https:\/\/nurso.biz\/en\/wp-json\/wp\/v2\/product_brand?post=478624"},{"taxonomy":"product_cat","embeddable":true,"href":"https:\/\/nurso.biz\/en\/wp-json\/wp\/v2\/product_cat?post=478624"},{"taxonomy":"product_tag","embeddable":true,"href":"https:\/\/nurso.biz\/en\/wp-json\/wp\/v2\/product_tag?post=478624"}],"curies":[{"name":"wp","href":"https:\/\/api.w.org\/{rel}","templated":true}]}}