{"id":454848,"date":"2021-12-17T16:28:22","date_gmt":"2021-12-17T15:28:22","guid":{"rendered":"https:\/\/nurso.biz\/?post_type=product&#038;p=454848"},"modified":"2025-02-17T15:15:12","modified_gmt":"2025-02-17T14:15:12","slug":"kinderbesteck-set-julie-4-teilig","status":"publish","type":"product","link":"https:\/\/nurso.biz\/en\/produkt\/kinderbesteck-set-julie-4-teilig\/","title":{"rendered":"Kinderbesteck-Set Julie , 4-teilig"},"content":{"rendered":"<p><strong>Kinderbesteck-Set, 4-teilig<\/strong><\/p>\n<p>Das 4-teilige Besteck-Set wurde von Topdesignern Skandinaviens entworfen und wird aus hochwertigem 18\/10 Edelstahl hergestellt. Besonders wird darauf Wert gelegt, wie sich das edle Besteck in der Hand anf\u00fchlt. Dank der einzigartigen Gestaltung wird jedem Esstisch ein besonderes Ambiente verliehen.<\/p>\n<div><\/div>\n<p>Jedes Abendessen verdient ein sch\u00f6nes Besteck. In diesem Set befindet sich eine Gabel, ein Messer, ein L\u00f6ffel und 1 kleiner L\u00f6ffel.<\/p>\n","protected":false},"excerpt":{"rendered":"<p>Lieferzeit: 2-3 Tage.<\/p>\n","protected":false},"featured_media":474145,"comment_status":"open","ping_status":"closed","template":"","meta":[],"product_brand":[],"product_cat":[122,153,152,158,238],"product_tag":[],"class_list":{"0":"post-454848","1":"product","2":"type-product","3":"status-publish","4":"has-post-thumbnail","6":"product_cat-besteck-2","7":"product_cat-besteck-sets-2","8":"product_cat-hardanger-bestikk","9":"product_cat-julie","10":"product_cat-kinderbesteck","11":"no_brettschneider-brettschneider-deaktivieren","13":"first","14":"instock","15":"taxable","16":"shipping-taxable","17":"product-type-simple"},"yoast_head":"<!-- This site is optimized with the Yoast SEO plugin v27.3 - https:\/\/yoast.com\/product\/yoast-seo-wordpress\/ -->\n<title>Kinderbesteck-Set Julie , 4-teilig - Nurso B2B Shop<\/title>\n<meta name=\"robots\" content=\"index, follow, max-snippet:-1, max-image-preview:large, max-video-preview:-1\" \/>\n<link rel=\"canonical\" href=\"https:\/\/nurso.biz\/produkt\/kinderbesteck-set-julie-4-teilig\/\" \/>\n<meta property=\"og:locale\" content=\"en_US\" \/>\n<meta property=\"og:type\" content=\"article\" \/>\n<meta property=\"og:title\" content=\"Kinderbesteck-Set Julie , 4-teilig - Nurso B2B Shop\" \/>\n<meta property=\"og:description\" content=\"Lieferzeit: 2-3 Tage.\" \/>\n<meta property=\"og:url\" content=\"https:\/\/nurso.biz\/produkt\/kinderbesteck-set-julie-4-teilig\/\" \/>\n<meta property=\"og:site_name\" content=\"Nurso B2B Shop\" \/>\n<meta property=\"article:modified_time\" content=\"2025-02-17T14:15:12+00:00\" \/>\n<meta property=\"og:image\" content=\"https:\/\/nurso.biz\/wp-content\/uploads\/2022\/01\/395075-Julie.png\" \/>\n\t<meta property=\"og:image:width\" content=\"500\" \/>\n\t<meta property=\"og:image:height\" content=\"500\" \/>\n\t<meta property=\"og:image:type\" content=\"image\/png\" \/>\n<meta name=\"twitter:card\" content=\"summary_large_image\" \/>\n<meta name=\"twitter:label1\" content=\"Est. reading time\" \/>\n\t<meta name=\"twitter:data1\" content=\"1 minute\" \/>\n<script type=\"application\/ld+json\" class=\"yoast-schema-graph\">{\"@context\":\"https:\\\/\\\/schema.org\",\"@graph\":[{\"@type\":\"WebPage\",\"@id\":\"https:\\\/\\\/nurso.biz\\\/produkt\\\/kinderbesteck-set-julie-4-teilig\\\/\",\"url\":\"https:\\\/\\\/nurso.biz\\\/produkt\\\/kinderbesteck-set-julie-4-teilig\\\/\",\"name\":\"Kinderbesteck-Set Julie , 4-teilig - Nurso B2B Shop\",\"isPartOf\":{\"@id\":\"https:\\\/\\\/nurso.biz\\\/#website\"},\"primaryImageOfPage\":{\"@id\":\"https:\\\/\\\/nurso.biz\\\/produkt\\\/kinderbesteck-set-julie-4-teilig\\\/#primaryimage\"},\"image\":{\"@id\":\"https:\\\/\\\/nurso.biz\\\/produkt\\\/kinderbesteck-set-julie-4-teilig\\\/#primaryimage\"},\"thumbnailUrl\":\"https:\\\/\\\/nurso.biz\\\/wp-content\\\/uploads\\\/2022\\\/01\\\/395075-Julie.png\",\"datePublished\":\"2021-12-17T15:28:22+00:00\",\"dateModified\":\"2025-02-17T14:15:12+00:00\",\"breadcrumb\":{\"@id\":\"https:\\\/\\\/nurso.biz\\\/produkt\\\/kinderbesteck-set-julie-4-teilig\\\/#breadcrumb\"},\"inLanguage\":\"en-US\",\"potentialAction\":[{\"@type\":\"ReadAction\",\"target\":[\"https:\\\/\\\/nurso.biz\\\/produkt\\\/kinderbesteck-set-julie-4-teilig\\\/\"]}]},{\"@type\":\"ImageObject\",\"inLanguage\":\"en-US\",\"@id\":\"https:\\\/\\\/nurso.biz\\\/produkt\\\/kinderbesteck-set-julie-4-teilig\\\/#primaryimage\",\"url\":\"https:\\\/\\\/nurso.biz\\\/wp-content\\\/uploads\\\/2022\\\/01\\\/395075-Julie.png\",\"contentUrl\":\"https:\\\/\\\/nurso.biz\\\/wp-content\\\/uploads\\\/2022\\\/01\\\/395075-Julie.png\",\"width\":500,\"height\":500},{\"@type\":\"BreadcrumbList\",\"@id\":\"https:\\\/\\\/nurso.biz\\\/produkt\\\/kinderbesteck-set-julie-4-teilig\\\/#breadcrumb\",\"itemListElement\":[{\"@type\":\"ListItem\",\"position\":1,\"name\":\"Home\",\"item\":\"https:\\\/\\\/nurso.biz\\\/\"},{\"@type\":\"ListItem\",\"position\":2,\"name\":\"Produkte\",\"item\":\"https:\\\/\\\/nurso.biz\\\/shop\\\/\"},{\"@type\":\"ListItem\",\"position\":3,\"name\":\"Kinderbesteck-Set Julie , 4-teilig\"}]},{\"@type\":\"WebSite\",\"@id\":\"https:\\\/\\\/nurso.biz\\\/#website\",\"url\":\"https:\\\/\\\/nurso.biz\\\/\",\"name\":\"Nurso B2B Shop\",\"description\":\"Wir verkaufen nur die beste Qualit\u00e4t!\",\"publisher\":{\"@id\":\"https:\\\/\\\/nurso.biz\\\/#organization\"},\"potentialAction\":[{\"@type\":\"SearchAction\",\"target\":{\"@type\":\"EntryPoint\",\"urlTemplate\":\"https:\\\/\\\/nurso.biz\\\/?s={search_term_string}\"},\"query-input\":{\"@type\":\"PropertyValueSpecification\",\"valueRequired\":true,\"valueName\":\"search_term_string\"}}],\"inLanguage\":\"en-US\"},{\"@type\":\"Organization\",\"@id\":\"https:\\\/\\\/nurso.biz\\\/#organization\",\"name\":\"Nurso GmbH\",\"url\":\"https:\\\/\\\/nurso.biz\\\/\",\"logo\":{\"@type\":\"ImageObject\",\"inLanguage\":\"en-US\",\"@id\":\"https:\\\/\\\/nurso.biz\\\/#\\\/schema\\\/logo\\\/image\\\/\",\"url\":\"https:\\\/\\\/nurso.biz\\\/wp-content\\\/uploads\\\/2021\\\/07\\\/nurso_logo_dark.png\",\"contentUrl\":\"https:\\\/\\\/nurso.biz\\\/wp-content\\\/uploads\\\/2021\\\/07\\\/nurso_logo_dark.png\",\"width\":198,\"height\":44,\"caption\":\"Nurso GmbH\"},\"image\":{\"@id\":\"https:\\\/\\\/nurso.biz\\\/#\\\/schema\\\/logo\\\/image\\\/\"}}]}<\/script>\n<!-- \/ Yoast SEO plugin. -->","yoast_head_json":{"title":"Kinderbesteck-Set Julie , 4-teilig - Nurso B2B Shop","robots":{"index":"index","follow":"follow","max-snippet":"max-snippet:-1","max-image-preview":"max-image-preview:large","max-video-preview":"max-video-preview:-1"},"canonical":"https:\/\/nurso.biz\/produkt\/kinderbesteck-set-julie-4-teilig\/","og_locale":"en_US","og_type":"article","og_title":"Kinderbesteck-Set Julie , 4-teilig - Nurso B2B Shop","og_description":"Lieferzeit: 2-3 Tage.","og_url":"https:\/\/nurso.biz\/produkt\/kinderbesteck-set-julie-4-teilig\/","og_site_name":"Nurso B2B Shop","article_modified_time":"2025-02-17T14:15:12+00:00","og_image":[{"width":500,"height":500,"url":"https:\/\/nurso.biz\/wp-content\/uploads\/2022\/01\/395075-Julie.png","type":"image\/png"}],"twitter_card":"summary_large_image","twitter_misc":{"Est. reading time":"1 minute"},"schema":{"@context":"https:\/\/schema.org","@graph":[{"@type":"WebPage","@id":"https:\/\/nurso.biz\/produkt\/kinderbesteck-set-julie-4-teilig\/","url":"https:\/\/nurso.biz\/produkt\/kinderbesteck-set-julie-4-teilig\/","name":"Kinderbesteck-Set Julie , 4-teilig - Nurso B2B Shop","isPartOf":{"@id":"https:\/\/nurso.biz\/#website"},"primaryImageOfPage":{"@id":"https:\/\/nurso.biz\/produkt\/kinderbesteck-set-julie-4-teilig\/#primaryimage"},"image":{"@id":"https:\/\/nurso.biz\/produkt\/kinderbesteck-set-julie-4-teilig\/#primaryimage"},"thumbnailUrl":"https:\/\/nurso.biz\/wp-content\/uploads\/2022\/01\/395075-Julie.png","datePublished":"2021-12-17T15:28:22+00:00","dateModified":"2025-02-17T14:15:12+00:00","breadcrumb":{"@id":"https:\/\/nurso.biz\/produkt\/kinderbesteck-set-julie-4-teilig\/#breadcrumb"},"inLanguage":"en-US","potentialAction":[{"@type":"ReadAction","target":["https:\/\/nurso.biz\/produkt\/kinderbesteck-set-julie-4-teilig\/"]}]},{"@type":"ImageObject","inLanguage":"en-US","@id":"https:\/\/nurso.biz\/produkt\/kinderbesteck-set-julie-4-teilig\/#primaryimage","url":"https:\/\/nurso.biz\/wp-content\/uploads\/2022\/01\/395075-Julie.png","contentUrl":"https:\/\/nurso.biz\/wp-content\/uploads\/2022\/01\/395075-Julie.png","width":500,"height":500},{"@type":"BreadcrumbList","@id":"https:\/\/nurso.biz\/produkt\/kinderbesteck-set-julie-4-teilig\/#breadcrumb","itemListElement":[{"@type":"ListItem","position":1,"name":"Home","item":"https:\/\/nurso.biz\/"},{"@type":"ListItem","position":2,"name":"Produkte","item":"https:\/\/nurso.biz\/shop\/"},{"@type":"ListItem","position":3,"name":"Kinderbesteck-Set Julie , 4-teilig"}]},{"@type":"WebSite","@id":"https:\/\/nurso.biz\/#website","url":"https:\/\/nurso.biz\/","name":"Nurso B2B Shop","description":"Wir verkaufen nur die beste Qualit\u00e4t!","publisher":{"@id":"https:\/\/nurso.biz\/#organization"},"potentialAction":[{"@type":"SearchAction","target":{"@type":"EntryPoint","urlTemplate":"https:\/\/nurso.biz\/?s={search_term_string}"},"query-input":{"@type":"PropertyValueSpecification","valueRequired":true,"valueName":"search_term_string"}}],"inLanguage":"en-US"},{"@type":"Organization","@id":"https:\/\/nurso.biz\/#organization","name":"Nurso GmbH","url":"https:\/\/nurso.biz\/","logo":{"@type":"ImageObject","inLanguage":"en-US","@id":"https:\/\/nurso.biz\/#\/schema\/logo\/image\/","url":"https:\/\/nurso.biz\/wp-content\/uploads\/2021\/07\/nurso_logo_dark.png","contentUrl":"https:\/\/nurso.biz\/wp-content\/uploads\/2021\/07\/nurso_logo_dark.png","width":198,"height":44,"caption":"Nurso GmbH"},"image":{"@id":"https:\/\/nurso.biz\/#\/schema\/logo\/image\/"}}]}},"_links":{"self":[{"href":"https:\/\/nurso.biz\/en\/wp-json\/wp\/v2\/product\/454848","targetHints":{"allow":["GET"]}}],"collection":[{"href":"https:\/\/nurso.biz\/en\/wp-json\/wp\/v2\/product"}],"about":[{"href":"https:\/\/nurso.biz\/en\/wp-json\/wp\/v2\/types\/product"}],"replies":[{"embeddable":true,"href":"https:\/\/nurso.biz\/en\/wp-json\/wp\/v2\/comments?post=454848"}],"wp:featuredmedia":[{"embeddable":true,"href":"https:\/\/nurso.biz\/en\/wp-json\/wp\/v2\/media\/474145"}],"wp:attachment":[{"href":"https:\/\/nurso.biz\/en\/wp-json\/wp\/v2\/media?parent=454848"}],"wp:term":[{"taxonomy":"product_brand","embeddable":true,"href":"https:\/\/nurso.biz\/en\/wp-json\/wp\/v2\/product_brand?post=454848"},{"taxonomy":"product_cat","embeddable":true,"href":"https:\/\/nurso.biz\/en\/wp-json\/wp\/v2\/product_cat?post=454848"},{"taxonomy":"product_tag","embeddable":true,"href":"https:\/\/nurso.biz\/en\/wp-json\/wp\/v2\/product_tag?post=454848"}],"curies":[{"name":"wp","href":"https:\/\/api.w.org\/{rel}","templated":true}]}}