{"id":354586,"date":"2021-05-20T20:39:11","date_gmt":"2021-05-20T18:39:11","guid":{"rendered":"https:\/\/nurso.biz\/?post_type=product&#038;p=354586"},"modified":"2025-02-19T09:58:20","modified_gmt":"2025-02-19T08:58:20","slug":"espresso-mokka-tasse-weiss-mit-goldverzierung-und-untertasse-schwarz-mit-goldverzierung-aus-porzellan-kleine-wasserglaeser-mit-goldrand-18-teilig","status":"publish","type":"product","link":"https:\/\/nurso.biz\/en\/produkt\/espresso-mokka-tasse-weiss-mit-goldverzierung-und-untertasse-schwarz-mit-goldverzierung-aus-porzellan-kleine-wasserglaeser-mit-goldrand-18-teilig\/","title":{"rendered":"Espresso-\/Mokka-Tasse (wei\u00df mit Goldverzierung) und Untertasse (schwarz mit Goldverzierung) aus Porzellan + kleine Wassergl\u00e4ser mit Goldrand 18-teilig"},"content":{"rendered":"<p><strong>Espresso-\/Mokka-Tasse und Untertasse aus Porzellan + kleine Wassergl\u00e4ser\u00a0<\/strong><\/p>\n<p>T\u00fcrkischer Mokka (Kaffee) ist eine Kaffeezubereitung, dessen Ursprung Jahrhunderte zur\u00fcckliegt und seinen Platz sogar auf der Liste des immateriellen Weltkulturerbes erlangt hat. Dieses Set steht mit seinen goldenen Akzenten und der Farbwahl f\u00fcr pr\u00e4chtige Kunst.<br \/>\nErh\u00e4ltlich ist dieses Produkt mit <em>6 Obertassen<\/em>,\u00a0<em>6 Untertellern, sowie 6 Wassergl\u00e4sern.<\/em><\/p>\n<p>Ebenfalls zu erw\u00e4hnen ist, dass der Unterteller mit einer praktischen Erhebung versehen ist, die dazu dient, dass die Tasse fest steht und zeitgleich auch dem Entwurf dieses Produktes eine gewisse Klasse verleiht.<\/p>\n<p><span style=\"text-decoration: underline;\">Pflege:<\/span><br \/>\nDiese Produkte d\u00fcrfen aufgrund ihrer feinen Verarbeitung ausschlie\u00dflich mit der Hand gereinigt werden.<br \/>\nWir empfehlen, jedes Produkt vorsichtig mit lauwarmem Wasser und einem sanften Sp\u00fclmittel mit der Hand zu reinigen. Um Sch\u00e4digungen durch Kontakt zu anderem Geschirr im Sp\u00fclbecken zu vermeiden, sollten die Tassen und Unterteller einzeln und nacheinander gewaschen werden.<br \/>\nAnschlie\u00dfend ist sofortiges trocken polieren empfohlen.<\/p>\n","protected":false},"excerpt":{"rendered":"<p>Volumen Espresso-Tasse: 90 ml<br \/>\nVolumen Wasserglas: 120 ml<\/p>\n<p>Lieferzeit: 2-3 Tage.<\/p>\n","protected":false},"featured_media":354582,"comment_status":"open","ping_status":"closed","template":"","meta":[],"product_brand":[],"product_cat":[85,111],"product_tag":[],"class_list":{"0":"post-354586","1":"product","2":"type-product","3":"status-publish","4":"has-post-thumbnail","6":"product_cat-geschirr","7":"product_cat-teetassen","8":"no_brettschneider-brettschneider-deaktivieren","9":"nursolager_ausland-aktivieren","11":"first","12":"instock","13":"taxable","14":"shipping-taxable","15":"product-type-simple"},"yoast_head":"<!-- This site is optimized with the Yoast SEO plugin v27.3 - https:\/\/yoast.com\/product\/yoast-seo-wordpress\/ -->\n<title>Espresso-\/Mokka-Tasse (wei\u00df mit Goldverzierung) und Untertasse (schwarz mit Goldverzierung) aus Porzellan + kleine Wassergl\u00e4ser mit Goldrand 18-teilig - Nurso B2B Shop<\/title>\n<meta name=\"robots\" content=\"index, follow, max-snippet:-1, max-image-preview:large, max-video-preview:-1\" \/>\n<link rel=\"canonical\" href=\"https:\/\/nurso.biz\/produkt\/espresso-mokka-tasse-weiss-mit-goldverzierung-und-untertasse-schwarz-mit-goldverzierung-aus-porzellan-kleine-wasserglaeser-mit-goldrand-18-teilig\/\" \/>\n<meta property=\"og:locale\" content=\"en_US\" \/>\n<meta property=\"og:type\" content=\"article\" \/>\n<meta property=\"og:title\" content=\"Espresso-\/Mokka-Tasse (wei\u00df mit Goldverzierung) und Untertasse (schwarz mit Goldverzierung) aus Porzellan + kleine Wassergl\u00e4ser mit Goldrand 18-teilig - Nurso B2B Shop\" \/>\n<meta property=\"og:description\" content=\"Volumen Espresso-Tasse: 90 ml Volumen Wasserglas: 120 ml  Lieferzeit: 2-3 Tage.\" \/>\n<meta property=\"og:url\" content=\"https:\/\/nurso.biz\/produkt\/espresso-mokka-tasse-weiss-mit-goldverzierung-und-untertasse-schwarz-mit-goldverzierung-aus-porzellan-kleine-wasserglaeser-mit-goldrand-18-teilig\/\" \/>\n<meta property=\"og:site_name\" content=\"Nurso B2B Shop\" \/>\n<meta property=\"article:modified_time\" content=\"2025-02-19T08:58:20+00:00\" \/>\n<meta property=\"og:image\" content=\"https:\/\/nurso.biz\/wp-content\/uploads\/2021\/05\/schwarz.jpg\" \/>\n\t<meta property=\"og:image:width\" content=\"500\" \/>\n\t<meta property=\"og:image:height\" content=\"500\" \/>\n\t<meta property=\"og:image:type\" content=\"image\/jpeg\" \/>\n<meta name=\"twitter:card\" content=\"summary_large_image\" \/>\n<meta name=\"twitter:label1\" content=\"Est. reading time\" \/>\n\t<meta name=\"twitter:data1\" content=\"2 minutes\" \/>\n<script type=\"application\/ld+json\" class=\"yoast-schema-graph\">{\"@context\":\"https:\\\/\\\/schema.org\",\"@graph\":[{\"@type\":\"WebPage\",\"@id\":\"https:\\\/\\\/nurso.biz\\\/produkt\\\/espresso-mokka-tasse-weiss-mit-goldverzierung-und-untertasse-schwarz-mit-goldverzierung-aus-porzellan-kleine-wasserglaeser-mit-goldrand-18-teilig\\\/\",\"url\":\"https:\\\/\\\/nurso.biz\\\/produkt\\\/espresso-mokka-tasse-weiss-mit-goldverzierung-und-untertasse-schwarz-mit-goldverzierung-aus-porzellan-kleine-wasserglaeser-mit-goldrand-18-teilig\\\/\",\"name\":\"Espresso-\\\/Mokka-Tasse (wei\u00df mit Goldverzierung) und Untertasse (schwarz mit Goldverzierung) aus Porzellan + kleine Wassergl\u00e4ser mit Goldrand 18-teilig - Nurso B2B Shop\",\"isPartOf\":{\"@id\":\"https:\\\/\\\/nurso.biz\\\/#website\"},\"primaryImageOfPage\":{\"@id\":\"https:\\\/\\\/nurso.biz\\\/produkt\\\/espresso-mokka-tasse-weiss-mit-goldverzierung-und-untertasse-schwarz-mit-goldverzierung-aus-porzellan-kleine-wasserglaeser-mit-goldrand-18-teilig\\\/#primaryimage\"},\"image\":{\"@id\":\"https:\\\/\\\/nurso.biz\\\/produkt\\\/espresso-mokka-tasse-weiss-mit-goldverzierung-und-untertasse-schwarz-mit-goldverzierung-aus-porzellan-kleine-wasserglaeser-mit-goldrand-18-teilig\\\/#primaryimage\"},\"thumbnailUrl\":\"https:\\\/\\\/nurso.biz\\\/wp-content\\\/uploads\\\/2021\\\/05\\\/schwarz.jpg\",\"datePublished\":\"2021-05-20T18:39:11+00:00\",\"dateModified\":\"2025-02-19T08:58:20+00:00\",\"breadcrumb\":{\"@id\":\"https:\\\/\\\/nurso.biz\\\/produkt\\\/espresso-mokka-tasse-weiss-mit-goldverzierung-und-untertasse-schwarz-mit-goldverzierung-aus-porzellan-kleine-wasserglaeser-mit-goldrand-18-teilig\\\/#breadcrumb\"},\"inLanguage\":\"en-US\",\"potentialAction\":[{\"@type\":\"ReadAction\",\"target\":[\"https:\\\/\\\/nurso.biz\\\/produkt\\\/espresso-mokka-tasse-weiss-mit-goldverzierung-und-untertasse-schwarz-mit-goldverzierung-aus-porzellan-kleine-wasserglaeser-mit-goldrand-18-teilig\\\/\"]}]},{\"@type\":\"ImageObject\",\"inLanguage\":\"en-US\",\"@id\":\"https:\\\/\\\/nurso.biz\\\/produkt\\\/espresso-mokka-tasse-weiss-mit-goldverzierung-und-untertasse-schwarz-mit-goldverzierung-aus-porzellan-kleine-wasserglaeser-mit-goldrand-18-teilig\\\/#primaryimage\",\"url\":\"https:\\\/\\\/nurso.biz\\\/wp-content\\\/uploads\\\/2021\\\/05\\\/schwarz.jpg\",\"contentUrl\":\"https:\\\/\\\/nurso.biz\\\/wp-content\\\/uploads\\\/2021\\\/05\\\/schwarz.jpg\",\"width\":500,\"height\":500,\"caption\":\"Espresso-\\\/Mokka-Tasse und Untertasse aus Porzellan + kleine Wassergl\u00e4ser T\u00fcrkischer Mokka (Kaffee) ist eine Kaffeezubereitung, dessen Ursprung Jahrhunderte zur\u00fcckliegt und seinen Platz sogar auf der Liste des immateriellen Weltkulturerbes erlangt hat. Dieses Set steht mit seinen goldenen Akzenten und der Farbwahl f\u00fcr pr\u00e4chtige Kunst. Erh\u00e4ltlich ist dieses Produkt mit 6 Obertassen, 6 Untertellern, sowie 6 Wassergl\u00e4sern. Ebenfalls zu erw\u00e4hnen ist, dass der Unterteller mit einer praktischen Erhebung versehen ist, die dazu dient, dass die Tasse fest steht und zeitgleich auch dem Entwurf dieses Produktes eine gewisse Klasse verleiht.\"},{\"@type\":\"BreadcrumbList\",\"@id\":\"https:\\\/\\\/nurso.biz\\\/produkt\\\/espresso-mokka-tasse-weiss-mit-goldverzierung-und-untertasse-schwarz-mit-goldverzierung-aus-porzellan-kleine-wasserglaeser-mit-goldrand-18-teilig\\\/#breadcrumb\",\"itemListElement\":[{\"@type\":\"ListItem\",\"position\":1,\"name\":\"Home\",\"item\":\"https:\\\/\\\/nurso.biz\\\/\"},{\"@type\":\"ListItem\",\"position\":2,\"name\":\"Produkte\",\"item\":\"https:\\\/\\\/nurso.biz\\\/shop\\\/\"},{\"@type\":\"ListItem\",\"position\":3,\"name\":\"Espresso-\\\/Mokka-Tasse (wei\u00df mit Goldverzierung) und Untertasse (schwarz mit Goldverzierung) aus Porzellan + kleine Wassergl\u00e4ser mit Goldrand 18-teilig\"}]},{\"@type\":\"WebSite\",\"@id\":\"https:\\\/\\\/nurso.biz\\\/#website\",\"url\":\"https:\\\/\\\/nurso.biz\\\/\",\"name\":\"Nurso B2B Shop\",\"description\":\"Wir verkaufen nur die beste Qualit\u00e4t!\",\"publisher\":{\"@id\":\"https:\\\/\\\/nurso.biz\\\/#organization\"},\"potentialAction\":[{\"@type\":\"SearchAction\",\"target\":{\"@type\":\"EntryPoint\",\"urlTemplate\":\"https:\\\/\\\/nurso.biz\\\/?s={search_term_string}\"},\"query-input\":{\"@type\":\"PropertyValueSpecification\",\"valueRequired\":true,\"valueName\":\"search_term_string\"}}],\"inLanguage\":\"en-US\"},{\"@type\":\"Organization\",\"@id\":\"https:\\\/\\\/nurso.biz\\\/#organization\",\"name\":\"Nurso GmbH\",\"url\":\"https:\\\/\\\/nurso.biz\\\/\",\"logo\":{\"@type\":\"ImageObject\",\"inLanguage\":\"en-US\",\"@id\":\"https:\\\/\\\/nurso.biz\\\/#\\\/schema\\\/logo\\\/image\\\/\",\"url\":\"https:\\\/\\\/nurso.biz\\\/wp-content\\\/uploads\\\/2021\\\/07\\\/nurso_logo_dark.png\",\"contentUrl\":\"https:\\\/\\\/nurso.biz\\\/wp-content\\\/uploads\\\/2021\\\/07\\\/nurso_logo_dark.png\",\"width\":198,\"height\":44,\"caption\":\"Nurso GmbH\"},\"image\":{\"@id\":\"https:\\\/\\\/nurso.biz\\\/#\\\/schema\\\/logo\\\/image\\\/\"}}]}<\/script>\n<!-- \/ Yoast SEO plugin. -->","yoast_head_json":{"title":"Espresso-\/Mokka-Tasse (wei\u00df mit Goldverzierung) und Untertasse (schwarz mit Goldverzierung) aus Porzellan + kleine Wassergl\u00e4ser mit Goldrand 18-teilig - Nurso B2B Shop","robots":{"index":"index","follow":"follow","max-snippet":"max-snippet:-1","max-image-preview":"max-image-preview:large","max-video-preview":"max-video-preview:-1"},"canonical":"https:\/\/nurso.biz\/produkt\/espresso-mokka-tasse-weiss-mit-goldverzierung-und-untertasse-schwarz-mit-goldverzierung-aus-porzellan-kleine-wasserglaeser-mit-goldrand-18-teilig\/","og_locale":"en_US","og_type":"article","og_title":"Espresso-\/Mokka-Tasse (wei\u00df mit Goldverzierung) und Untertasse (schwarz mit Goldverzierung) aus Porzellan + kleine Wassergl\u00e4ser mit Goldrand 18-teilig - Nurso B2B Shop","og_description":"Volumen Espresso-Tasse: 90 ml Volumen Wasserglas: 120 ml  Lieferzeit: 2-3 Tage.","og_url":"https:\/\/nurso.biz\/produkt\/espresso-mokka-tasse-weiss-mit-goldverzierung-und-untertasse-schwarz-mit-goldverzierung-aus-porzellan-kleine-wasserglaeser-mit-goldrand-18-teilig\/","og_site_name":"Nurso B2B Shop","article_modified_time":"2025-02-19T08:58:20+00:00","og_image":[{"width":500,"height":500,"url":"https:\/\/nurso.biz\/wp-content\/uploads\/2021\/05\/schwarz.jpg","type":"image\/jpeg"}],"twitter_card":"summary_large_image","twitter_misc":{"Est. reading time":"2 minutes"},"schema":{"@context":"https:\/\/schema.org","@graph":[{"@type":"WebPage","@id":"https:\/\/nurso.biz\/produkt\/espresso-mokka-tasse-weiss-mit-goldverzierung-und-untertasse-schwarz-mit-goldverzierung-aus-porzellan-kleine-wasserglaeser-mit-goldrand-18-teilig\/","url":"https:\/\/nurso.biz\/produkt\/espresso-mokka-tasse-weiss-mit-goldverzierung-und-untertasse-schwarz-mit-goldverzierung-aus-porzellan-kleine-wasserglaeser-mit-goldrand-18-teilig\/","name":"Espresso-\/Mokka-Tasse (wei\u00df mit Goldverzierung) und Untertasse (schwarz mit Goldverzierung) aus Porzellan + kleine Wassergl\u00e4ser mit Goldrand 18-teilig - Nurso B2B Shop","isPartOf":{"@id":"https:\/\/nurso.biz\/#website"},"primaryImageOfPage":{"@id":"https:\/\/nurso.biz\/produkt\/espresso-mokka-tasse-weiss-mit-goldverzierung-und-untertasse-schwarz-mit-goldverzierung-aus-porzellan-kleine-wasserglaeser-mit-goldrand-18-teilig\/#primaryimage"},"image":{"@id":"https:\/\/nurso.biz\/produkt\/espresso-mokka-tasse-weiss-mit-goldverzierung-und-untertasse-schwarz-mit-goldverzierung-aus-porzellan-kleine-wasserglaeser-mit-goldrand-18-teilig\/#primaryimage"},"thumbnailUrl":"https:\/\/nurso.biz\/wp-content\/uploads\/2021\/05\/schwarz.jpg","datePublished":"2021-05-20T18:39:11+00:00","dateModified":"2025-02-19T08:58:20+00:00","breadcrumb":{"@id":"https:\/\/nurso.biz\/produkt\/espresso-mokka-tasse-weiss-mit-goldverzierung-und-untertasse-schwarz-mit-goldverzierung-aus-porzellan-kleine-wasserglaeser-mit-goldrand-18-teilig\/#breadcrumb"},"inLanguage":"en-US","potentialAction":[{"@type":"ReadAction","target":["https:\/\/nurso.biz\/produkt\/espresso-mokka-tasse-weiss-mit-goldverzierung-und-untertasse-schwarz-mit-goldverzierung-aus-porzellan-kleine-wasserglaeser-mit-goldrand-18-teilig\/"]}]},{"@type":"ImageObject","inLanguage":"en-US","@id":"https:\/\/nurso.biz\/produkt\/espresso-mokka-tasse-weiss-mit-goldverzierung-und-untertasse-schwarz-mit-goldverzierung-aus-porzellan-kleine-wasserglaeser-mit-goldrand-18-teilig\/#primaryimage","url":"https:\/\/nurso.biz\/wp-content\/uploads\/2021\/05\/schwarz.jpg","contentUrl":"https:\/\/nurso.biz\/wp-content\/uploads\/2021\/05\/schwarz.jpg","width":500,"height":500,"caption":"Espresso-\/Mokka-Tasse und Untertasse aus Porzellan + kleine Wassergl\u00e4ser T\u00fcrkischer Mokka (Kaffee) ist eine Kaffeezubereitung, dessen Ursprung Jahrhunderte zur\u00fcckliegt und seinen Platz sogar auf der Liste des immateriellen Weltkulturerbes erlangt hat. Dieses Set steht mit seinen goldenen Akzenten und der Farbwahl f\u00fcr pr\u00e4chtige Kunst. Erh\u00e4ltlich ist dieses Produkt mit 6 Obertassen, 6 Untertellern, sowie 6 Wassergl\u00e4sern. Ebenfalls zu erw\u00e4hnen ist, dass der Unterteller mit einer praktischen Erhebung versehen ist, die dazu dient, dass die Tasse fest steht und zeitgleich auch dem Entwurf dieses Produktes eine gewisse Klasse verleiht."},{"@type":"BreadcrumbList","@id":"https:\/\/nurso.biz\/produkt\/espresso-mokka-tasse-weiss-mit-goldverzierung-und-untertasse-schwarz-mit-goldverzierung-aus-porzellan-kleine-wasserglaeser-mit-goldrand-18-teilig\/#breadcrumb","itemListElement":[{"@type":"ListItem","position":1,"name":"Home","item":"https:\/\/nurso.biz\/"},{"@type":"ListItem","position":2,"name":"Produkte","item":"https:\/\/nurso.biz\/shop\/"},{"@type":"ListItem","position":3,"name":"Espresso-\/Mokka-Tasse (wei\u00df mit Goldverzierung) und Untertasse (schwarz mit Goldverzierung) aus Porzellan + kleine Wassergl\u00e4ser mit Goldrand 18-teilig"}]},{"@type":"WebSite","@id":"https:\/\/nurso.biz\/#website","url":"https:\/\/nurso.biz\/","name":"Nurso B2B Shop","description":"Wir verkaufen nur die beste Qualit\u00e4t!","publisher":{"@id":"https:\/\/nurso.biz\/#organization"},"potentialAction":[{"@type":"SearchAction","target":{"@type":"EntryPoint","urlTemplate":"https:\/\/nurso.biz\/?s={search_term_string}"},"query-input":{"@type":"PropertyValueSpecification","valueRequired":true,"valueName":"search_term_string"}}],"inLanguage":"en-US"},{"@type":"Organization","@id":"https:\/\/nurso.biz\/#organization","name":"Nurso GmbH","url":"https:\/\/nurso.biz\/","logo":{"@type":"ImageObject","inLanguage":"en-US","@id":"https:\/\/nurso.biz\/#\/schema\/logo\/image\/","url":"https:\/\/nurso.biz\/wp-content\/uploads\/2021\/07\/nurso_logo_dark.png","contentUrl":"https:\/\/nurso.biz\/wp-content\/uploads\/2021\/07\/nurso_logo_dark.png","width":198,"height":44,"caption":"Nurso GmbH"},"image":{"@id":"https:\/\/nurso.biz\/#\/schema\/logo\/image\/"}}]}},"_links":{"self":[{"href":"https:\/\/nurso.biz\/en\/wp-json\/wp\/v2\/product\/354586","targetHints":{"allow":["GET"]}}],"collection":[{"href":"https:\/\/nurso.biz\/en\/wp-json\/wp\/v2\/product"}],"about":[{"href":"https:\/\/nurso.biz\/en\/wp-json\/wp\/v2\/types\/product"}],"replies":[{"embeddable":true,"href":"https:\/\/nurso.biz\/en\/wp-json\/wp\/v2\/comments?post=354586"}],"wp:featuredmedia":[{"embeddable":true,"href":"https:\/\/nurso.biz\/en\/wp-json\/wp\/v2\/media\/354582"}],"wp:attachment":[{"href":"https:\/\/nurso.biz\/en\/wp-json\/wp\/v2\/media?parent=354586"}],"wp:term":[{"taxonomy":"product_brand","embeddable":true,"href":"https:\/\/nurso.biz\/en\/wp-json\/wp\/v2\/product_brand?post=354586"},{"taxonomy":"product_cat","embeddable":true,"href":"https:\/\/nurso.biz\/en\/wp-json\/wp\/v2\/product_cat?post=354586"},{"taxonomy":"product_tag","embeddable":true,"href":"https:\/\/nurso.biz\/en\/wp-json\/wp\/v2\/product_tag?post=354586"}],"curies":[{"name":"wp","href":"https:\/\/api.w.org\/{rel}","templated":true}]}}