{"id":303193,"date":"2021-02-26T18:37:00","date_gmt":"2021-02-26T17:37:00","guid":{"rendered":"https:\/\/nurso.biz\/?post_type=product&#038;p=303193"},"modified":"2025-02-19T09:59:17","modified_gmt":"2025-02-19T08:59:17","slug":"japanische-teekanne-aus-gusseisen-schwarzgold-mit-siebeinsatz-500-ml","status":"publish","type":"product","link":"https:\/\/nurso.biz\/en\/produkt\/japanische-teekanne-aus-gusseisen-schwarzgold-mit-siebeinsatz-500-ml\/","title":{"rendered":"Japanische Teekanne aus Gusseisen schwarzgold mit Siebeinsatz 500 ml"},"content":{"rendered":"<p><strong>Japanische Teekanne aus Gusseisen schwarzgold mit Siebeinsatz<\/strong><\/p>\n<p>So manch einer genie\u00dft gerne einen Tee, der mit seinem Aroma das Vorgef\u00fchl eines guten Tages best\u00e4rkt. Neben s\u00fc\u00dfem Geb\u00e4ck und guter Gesellschaft ist diese Teekanne mit integriertem Siebeinsatz nicht nur praktisch, sondern auch ein besonderes Accessoire. Im Japanischen Stil erzeugt sie sofort ein angenehmes und interessantes Ambiente, in dem das Gem\u00fct sich beruhigen kann.<br \/>\nDurch die lange W\u00e4rmespeicherung ist ein l\u00e4ngerer Teegenuss erm\u00f6glicht.<\/p>\n<p>Das Material der Teekanne ist Gusseisen- der Siebeinsatz ist rostfreier Stahl. Innen ist die Teekanne hochwertig emailliert (keine Kunststoffbeschichtung)<\/p>\n<p><strong>Reinigung:<\/strong><br \/>\nMit Wasser aussp\u00fclen und gegebenenfalls mit einem Tuch auswischen.<\/p>\n","protected":false},"excerpt":{"rendered":"<p>Volumen: 500 ml<\/p>\n<p>Lieferzeit: 2-3 Tage.<\/p>\n","protected":false},"featured_media":303198,"comment_status":"open","ping_status":"closed","template":"","meta":[],"product_brand":[],"product_cat":[85,225],"product_tag":[],"class_list":{"0":"post-303193","1":"product","2":"type-product","3":"status-publish","4":"has-post-thumbnail","6":"product_cat-geschirr","7":"product_cat-teekannen","8":"no_brettschneider-brettschneider-deaktivieren","10":"first","11":"instock","12":"taxable","13":"shipping-taxable","14":"product-type-simple"},"yoast_head":"<!-- This site is optimized with the Yoast SEO plugin v27.3 - https:\/\/yoast.com\/product\/yoast-seo-wordpress\/ -->\n<title>Japanische Teekanne aus Gusseisen schwarzgold mit Siebeinsatz 500 ml - Nurso B2B Shop<\/title>\n<meta name=\"robots\" content=\"index, follow, max-snippet:-1, max-image-preview:large, max-video-preview:-1\" \/>\n<link rel=\"canonical\" href=\"https:\/\/nurso.biz\/produkt\/japanische-teekanne-aus-gusseisen-schwarzgold-mit-siebeinsatz-500-ml\/\" \/>\n<meta property=\"og:locale\" content=\"en_US\" \/>\n<meta property=\"og:type\" content=\"article\" \/>\n<meta property=\"og:title\" content=\"Japanische Teekanne aus Gusseisen schwarzgold mit Siebeinsatz 500 ml - Nurso B2B Shop\" \/>\n<meta property=\"og:description\" content=\"Volumen: 500 ml  Lieferzeit: 2-3 Tage.\" \/>\n<meta property=\"og:url\" content=\"https:\/\/nurso.biz\/produkt\/japanische-teekanne-aus-gusseisen-schwarzgold-mit-siebeinsatz-500-ml\/\" \/>\n<meta property=\"og:site_name\" content=\"Nurso B2B Shop\" \/>\n<meta property=\"article:modified_time\" content=\"2025-02-19T08:59:17+00:00\" \/>\n<meta property=\"og:image\" content=\"https:\/\/nurso.biz\/wp-content\/uploads\/2021\/02\/sftp_8_2_820031-scaled.jpg\" \/>\n\t<meta property=\"og:image:width\" content=\"2560\" \/>\n\t<meta property=\"og:image:height\" content=\"1707\" \/>\n\t<meta property=\"og:image:type\" content=\"image\/jpeg\" \/>\n<meta name=\"twitter:card\" content=\"summary_large_image\" \/>\n<meta name=\"twitter:label1\" content=\"Est. reading time\" \/>\n\t<meta name=\"twitter:data1\" content=\"1 minute\" \/>\n<script type=\"application\/ld+json\" class=\"yoast-schema-graph\">{\"@context\":\"https:\\\/\\\/schema.org\",\"@graph\":[{\"@type\":\"WebPage\",\"@id\":\"https:\\\/\\\/nurso.biz\\\/produkt\\\/japanische-teekanne-aus-gusseisen-schwarzgold-mit-siebeinsatz-500-ml\\\/\",\"url\":\"https:\\\/\\\/nurso.biz\\\/produkt\\\/japanische-teekanne-aus-gusseisen-schwarzgold-mit-siebeinsatz-500-ml\\\/\",\"name\":\"Japanische Teekanne aus Gusseisen schwarzgold mit Siebeinsatz 500 ml - Nurso B2B Shop\",\"isPartOf\":{\"@id\":\"https:\\\/\\\/nurso.biz\\\/#website\"},\"primaryImageOfPage\":{\"@id\":\"https:\\\/\\\/nurso.biz\\\/produkt\\\/japanische-teekanne-aus-gusseisen-schwarzgold-mit-siebeinsatz-500-ml\\\/#primaryimage\"},\"image\":{\"@id\":\"https:\\\/\\\/nurso.biz\\\/produkt\\\/japanische-teekanne-aus-gusseisen-schwarzgold-mit-siebeinsatz-500-ml\\\/#primaryimage\"},\"thumbnailUrl\":\"https:\\\/\\\/nurso.biz\\\/wp-content\\\/uploads\\\/2021\\\/02\\\/sftp_8_2_820031-scaled.jpg\",\"datePublished\":\"2021-02-26T17:37:00+00:00\",\"dateModified\":\"2025-02-19T08:59:17+00:00\",\"breadcrumb\":{\"@id\":\"https:\\\/\\\/nurso.biz\\\/produkt\\\/japanische-teekanne-aus-gusseisen-schwarzgold-mit-siebeinsatz-500-ml\\\/#breadcrumb\"},\"inLanguage\":\"en-US\",\"potentialAction\":[{\"@type\":\"ReadAction\",\"target\":[\"https:\\\/\\\/nurso.biz\\\/produkt\\\/japanische-teekanne-aus-gusseisen-schwarzgold-mit-siebeinsatz-500-ml\\\/\"]}]},{\"@type\":\"ImageObject\",\"inLanguage\":\"en-US\",\"@id\":\"https:\\\/\\\/nurso.biz\\\/produkt\\\/japanische-teekanne-aus-gusseisen-schwarzgold-mit-siebeinsatz-500-ml\\\/#primaryimage\",\"url\":\"https:\\\/\\\/nurso.biz\\\/wp-content\\\/uploads\\\/2021\\\/02\\\/sftp_8_2_820031-scaled.jpg\",\"contentUrl\":\"https:\\\/\\\/nurso.biz\\\/wp-content\\\/uploads\\\/2021\\\/02\\\/sftp_8_2_820031-scaled.jpg\",\"width\":2560,\"height\":1707},{\"@type\":\"BreadcrumbList\",\"@id\":\"https:\\\/\\\/nurso.biz\\\/produkt\\\/japanische-teekanne-aus-gusseisen-schwarzgold-mit-siebeinsatz-500-ml\\\/#breadcrumb\",\"itemListElement\":[{\"@type\":\"ListItem\",\"position\":1,\"name\":\"Home\",\"item\":\"https:\\\/\\\/nurso.biz\\\/\"},{\"@type\":\"ListItem\",\"position\":2,\"name\":\"Produkte\",\"item\":\"https:\\\/\\\/nurso.biz\\\/shop\\\/\"},{\"@type\":\"ListItem\",\"position\":3,\"name\":\"Japanische Teekanne aus Gusseisen schwarzgold mit Siebeinsatz 500 ml\"}]},{\"@type\":\"WebSite\",\"@id\":\"https:\\\/\\\/nurso.biz\\\/#website\",\"url\":\"https:\\\/\\\/nurso.biz\\\/\",\"name\":\"Nurso B2B Shop\",\"description\":\"Wir verkaufen nur die beste Qualit\u00e4t!\",\"publisher\":{\"@id\":\"https:\\\/\\\/nurso.biz\\\/#organization\"},\"potentialAction\":[{\"@type\":\"SearchAction\",\"target\":{\"@type\":\"EntryPoint\",\"urlTemplate\":\"https:\\\/\\\/nurso.biz\\\/?s={search_term_string}\"},\"query-input\":{\"@type\":\"PropertyValueSpecification\",\"valueRequired\":true,\"valueName\":\"search_term_string\"}}],\"inLanguage\":\"en-US\"},{\"@type\":\"Organization\",\"@id\":\"https:\\\/\\\/nurso.biz\\\/#organization\",\"name\":\"Nurso GmbH\",\"url\":\"https:\\\/\\\/nurso.biz\\\/\",\"logo\":{\"@type\":\"ImageObject\",\"inLanguage\":\"en-US\",\"@id\":\"https:\\\/\\\/nurso.biz\\\/#\\\/schema\\\/logo\\\/image\\\/\",\"url\":\"https:\\\/\\\/nurso.biz\\\/wp-content\\\/uploads\\\/2021\\\/07\\\/nurso_logo_dark.png\",\"contentUrl\":\"https:\\\/\\\/nurso.biz\\\/wp-content\\\/uploads\\\/2021\\\/07\\\/nurso_logo_dark.png\",\"width\":198,\"height\":44,\"caption\":\"Nurso GmbH\"},\"image\":{\"@id\":\"https:\\\/\\\/nurso.biz\\\/#\\\/schema\\\/logo\\\/image\\\/\"}}]}<\/script>\n<!-- \/ Yoast SEO plugin. -->","yoast_head_json":{"title":"Japanische Teekanne aus Gusseisen schwarzgold mit Siebeinsatz 500 ml - Nurso B2B Shop","robots":{"index":"index","follow":"follow","max-snippet":"max-snippet:-1","max-image-preview":"max-image-preview:large","max-video-preview":"max-video-preview:-1"},"canonical":"https:\/\/nurso.biz\/produkt\/japanische-teekanne-aus-gusseisen-schwarzgold-mit-siebeinsatz-500-ml\/","og_locale":"en_US","og_type":"article","og_title":"Japanische Teekanne aus Gusseisen schwarzgold mit Siebeinsatz 500 ml - Nurso B2B Shop","og_description":"Volumen: 500 ml  Lieferzeit: 2-3 Tage.","og_url":"https:\/\/nurso.biz\/produkt\/japanische-teekanne-aus-gusseisen-schwarzgold-mit-siebeinsatz-500-ml\/","og_site_name":"Nurso B2B Shop","article_modified_time":"2025-02-19T08:59:17+00:00","og_image":[{"width":2560,"height":1707,"url":"https:\/\/nurso.biz\/wp-content\/uploads\/2021\/02\/sftp_8_2_820031-scaled.jpg","type":"image\/jpeg"}],"twitter_card":"summary_large_image","twitter_misc":{"Est. reading time":"1 minute"},"schema":{"@context":"https:\/\/schema.org","@graph":[{"@type":"WebPage","@id":"https:\/\/nurso.biz\/produkt\/japanische-teekanne-aus-gusseisen-schwarzgold-mit-siebeinsatz-500-ml\/","url":"https:\/\/nurso.biz\/produkt\/japanische-teekanne-aus-gusseisen-schwarzgold-mit-siebeinsatz-500-ml\/","name":"Japanische Teekanne aus Gusseisen schwarzgold mit Siebeinsatz 500 ml - Nurso B2B Shop","isPartOf":{"@id":"https:\/\/nurso.biz\/#website"},"primaryImageOfPage":{"@id":"https:\/\/nurso.biz\/produkt\/japanische-teekanne-aus-gusseisen-schwarzgold-mit-siebeinsatz-500-ml\/#primaryimage"},"image":{"@id":"https:\/\/nurso.biz\/produkt\/japanische-teekanne-aus-gusseisen-schwarzgold-mit-siebeinsatz-500-ml\/#primaryimage"},"thumbnailUrl":"https:\/\/nurso.biz\/wp-content\/uploads\/2021\/02\/sftp_8_2_820031-scaled.jpg","datePublished":"2021-02-26T17:37:00+00:00","dateModified":"2025-02-19T08:59:17+00:00","breadcrumb":{"@id":"https:\/\/nurso.biz\/produkt\/japanische-teekanne-aus-gusseisen-schwarzgold-mit-siebeinsatz-500-ml\/#breadcrumb"},"inLanguage":"en-US","potentialAction":[{"@type":"ReadAction","target":["https:\/\/nurso.biz\/produkt\/japanische-teekanne-aus-gusseisen-schwarzgold-mit-siebeinsatz-500-ml\/"]}]},{"@type":"ImageObject","inLanguage":"en-US","@id":"https:\/\/nurso.biz\/produkt\/japanische-teekanne-aus-gusseisen-schwarzgold-mit-siebeinsatz-500-ml\/#primaryimage","url":"https:\/\/nurso.biz\/wp-content\/uploads\/2021\/02\/sftp_8_2_820031-scaled.jpg","contentUrl":"https:\/\/nurso.biz\/wp-content\/uploads\/2021\/02\/sftp_8_2_820031-scaled.jpg","width":2560,"height":1707},{"@type":"BreadcrumbList","@id":"https:\/\/nurso.biz\/produkt\/japanische-teekanne-aus-gusseisen-schwarzgold-mit-siebeinsatz-500-ml\/#breadcrumb","itemListElement":[{"@type":"ListItem","position":1,"name":"Home","item":"https:\/\/nurso.biz\/"},{"@type":"ListItem","position":2,"name":"Produkte","item":"https:\/\/nurso.biz\/shop\/"},{"@type":"ListItem","position":3,"name":"Japanische Teekanne aus Gusseisen schwarzgold mit Siebeinsatz 500 ml"}]},{"@type":"WebSite","@id":"https:\/\/nurso.biz\/#website","url":"https:\/\/nurso.biz\/","name":"Nurso B2B Shop","description":"Wir verkaufen nur die beste Qualit\u00e4t!","publisher":{"@id":"https:\/\/nurso.biz\/#organization"},"potentialAction":[{"@type":"SearchAction","target":{"@type":"EntryPoint","urlTemplate":"https:\/\/nurso.biz\/?s={search_term_string}"},"query-input":{"@type":"PropertyValueSpecification","valueRequired":true,"valueName":"search_term_string"}}],"inLanguage":"en-US"},{"@type":"Organization","@id":"https:\/\/nurso.biz\/#organization","name":"Nurso GmbH","url":"https:\/\/nurso.biz\/","logo":{"@type":"ImageObject","inLanguage":"en-US","@id":"https:\/\/nurso.biz\/#\/schema\/logo\/image\/","url":"https:\/\/nurso.biz\/wp-content\/uploads\/2021\/07\/nurso_logo_dark.png","contentUrl":"https:\/\/nurso.biz\/wp-content\/uploads\/2021\/07\/nurso_logo_dark.png","width":198,"height":44,"caption":"Nurso GmbH"},"image":{"@id":"https:\/\/nurso.biz\/#\/schema\/logo\/image\/"}}]}},"_links":{"self":[{"href":"https:\/\/nurso.biz\/en\/wp-json\/wp\/v2\/product\/303193","targetHints":{"allow":["GET"]}}],"collection":[{"href":"https:\/\/nurso.biz\/en\/wp-json\/wp\/v2\/product"}],"about":[{"href":"https:\/\/nurso.biz\/en\/wp-json\/wp\/v2\/types\/product"}],"replies":[{"embeddable":true,"href":"https:\/\/nurso.biz\/en\/wp-json\/wp\/v2\/comments?post=303193"}],"wp:featuredmedia":[{"embeddable":true,"href":"https:\/\/nurso.biz\/en\/wp-json\/wp\/v2\/media\/303198"}],"wp:attachment":[{"href":"https:\/\/nurso.biz\/en\/wp-json\/wp\/v2\/media?parent=303193"}],"wp:term":[{"taxonomy":"product_brand","embeddable":true,"href":"https:\/\/nurso.biz\/en\/wp-json\/wp\/v2\/product_brand?post=303193"},{"taxonomy":"product_cat","embeddable":true,"href":"https:\/\/nurso.biz\/en\/wp-json\/wp\/v2\/product_cat?post=303193"},{"taxonomy":"product_tag","embeddable":true,"href":"https:\/\/nurso.biz\/en\/wp-json\/wp\/v2\/product_tag?post=303193"}],"curies":[{"name":"wp","href":"https:\/\/api.w.org\/{rel}","templated":true}]}}