{"id":273232,"date":"2021-01-09T18:46:43","date_gmt":"2021-01-09T17:46:43","guid":{"rendered":"https:\/\/nurso.biz\/?post_type=product&#038;p=273232"},"modified":"2025-02-19T10:05:37","modified_gmt":"2025-02-19T09:05:37","slug":"kaffeetasse-190-ml-1-stk","status":"publish","type":"product","link":"https:\/\/nurso.biz\/en\/produkt\/kaffeetasse-190-ml-1-stk\/","title":{"rendered":"Kaffeetasse (190 ml) 1 Stk"},"content":{"rendered":"<p><strong>Kaffeetasse<\/strong><\/p>\n<p>Ob zum Fr\u00fchst\u00fcck, auf der Arbeit oder gem\u00fctlich im Wohnzimmer zu Hause-\u00a0diese wundersch\u00f6ne Kaffeetasse l\u00f6st Freude aus.\u00a0Sie ist mit\u00a0Farbakzenten k\u00fcnstlerisch angehaucht und einzigartig in seiner Art.<br \/>\nBlau in verschiedenen T\u00f6nen\u00a0mit braunen Sprenkeln, braunem Rand\u00a0und insbesondere einer Glasur verleiht diese Tasse dem Esstisch ein besonderes Ambiente.<\/p>\n<p>Sp\u00fclmaschinenfest- und mikrowellengeeignet.<\/p>\n<p>&nbsp;<\/p>\n<p>&nbsp;<\/p>\n<p>&nbsp;<\/p>\n","protected":false},"excerpt":{"rendered":"<p>Volumen: 190 ml<\/p>\n<p>Lieferzeit: 2-3 Tage.<\/p>\n","protected":false},"featured_media":273172,"comment_status":"open","ping_status":"closed","template":"","meta":[],"product_brand":[],"product_cat":[182,181,85],"product_tag":[],"class_list":{"0":"post-273232","1":"product","2":"type-product","3":"status-publish","4":"has-post-thumbnail","6":"product_cat-bleu","7":"product_cat-charmante-2","8":"product_cat-geschirr","9":"no_brettschneider-brettschneider-deaktivieren","11":"first","12":"instock","13":"taxable","14":"shipping-taxable","15":"product-type-simple"},"yoast_head":"<!-- This site is optimized with the Yoast SEO plugin v27.3 - https:\/\/yoast.com\/product\/yoast-seo-wordpress\/ -->\n<title>Kaffeetasse (190 ml) 1 Stk - Nurso B2B Shop<\/title>\n<meta name=\"robots\" content=\"index, follow, max-snippet:-1, max-image-preview:large, max-video-preview:-1\" \/>\n<link rel=\"canonical\" href=\"https:\/\/nurso.biz\/produkt\/kaffeetasse-190-ml-1-stk\/\" \/>\n<meta property=\"og:locale\" content=\"en_US\" \/>\n<meta property=\"og:type\" content=\"article\" \/>\n<meta property=\"og:title\" content=\"Kaffeetasse (190 ml) 1 Stk - Nurso B2B Shop\" \/>\n<meta property=\"og:description\" content=\"Volumen: 190 ml  Lieferzeit: 2-3 Tage.\" \/>\n<meta property=\"og:url\" content=\"https:\/\/nurso.biz\/produkt\/kaffeetasse-190-ml-1-stk\/\" \/>\n<meta property=\"og:site_name\" content=\"Nurso B2B Shop\" \/>\n<meta property=\"article:modified_time\" content=\"2025-02-19T09:05:37+00:00\" \/>\n<meta property=\"og:image\" content=\"https:\/\/nurso.biz\/wp-content\/uploads\/2021\/01\/sftp_6_0_604121.jpg\" \/>\n\t<meta property=\"og:image:width\" content=\"500\" \/>\n\t<meta property=\"og:image:height\" content=\"500\" \/>\n\t<meta property=\"og:image:type\" content=\"image\/jpeg\" \/>\n<meta name=\"twitter:card\" content=\"summary_large_image\" \/>\n<meta name=\"twitter:label1\" content=\"Est. reading time\" \/>\n\t<meta name=\"twitter:data1\" content=\"1 minute\" \/>\n<script type=\"application\/ld+json\" class=\"yoast-schema-graph\">{\"@context\":\"https:\\\/\\\/schema.org\",\"@graph\":[{\"@type\":\"WebPage\",\"@id\":\"https:\\\/\\\/nurso.biz\\\/produkt\\\/kaffeetasse-190-ml-1-stk\\\/\",\"url\":\"https:\\\/\\\/nurso.biz\\\/produkt\\\/kaffeetasse-190-ml-1-stk\\\/\",\"name\":\"Kaffeetasse (190 ml) 1 Stk - Nurso B2B Shop\",\"isPartOf\":{\"@id\":\"https:\\\/\\\/nurso.biz\\\/#website\"},\"primaryImageOfPage\":{\"@id\":\"https:\\\/\\\/nurso.biz\\\/produkt\\\/kaffeetasse-190-ml-1-stk\\\/#primaryimage\"},\"image\":{\"@id\":\"https:\\\/\\\/nurso.biz\\\/produkt\\\/kaffeetasse-190-ml-1-stk\\\/#primaryimage\"},\"thumbnailUrl\":\"https:\\\/\\\/nurso.biz\\\/wp-content\\\/uploads\\\/2021\\\/01\\\/sftp_6_0_604121.jpg\",\"datePublished\":\"2021-01-09T17:46:43+00:00\",\"dateModified\":\"2025-02-19T09:05:37+00:00\",\"breadcrumb\":{\"@id\":\"https:\\\/\\\/nurso.biz\\\/produkt\\\/kaffeetasse-190-ml-1-stk\\\/#breadcrumb\"},\"inLanguage\":\"en-US\",\"potentialAction\":[{\"@type\":\"ReadAction\",\"target\":[\"https:\\\/\\\/nurso.biz\\\/produkt\\\/kaffeetasse-190-ml-1-stk\\\/\"]}]},{\"@type\":\"ImageObject\",\"inLanguage\":\"en-US\",\"@id\":\"https:\\\/\\\/nurso.biz\\\/produkt\\\/kaffeetasse-190-ml-1-stk\\\/#primaryimage\",\"url\":\"https:\\\/\\\/nurso.biz\\\/wp-content\\\/uploads\\\/2021\\\/01\\\/sftp_6_0_604121.jpg\",\"contentUrl\":\"https:\\\/\\\/nurso.biz\\\/wp-content\\\/uploads\\\/2021\\\/01\\\/sftp_6_0_604121.jpg\",\"width\":500,\"height\":500},{\"@type\":\"BreadcrumbList\",\"@id\":\"https:\\\/\\\/nurso.biz\\\/produkt\\\/kaffeetasse-190-ml-1-stk\\\/#breadcrumb\",\"itemListElement\":[{\"@type\":\"ListItem\",\"position\":1,\"name\":\"Home\",\"item\":\"https:\\\/\\\/nurso.biz\\\/\"},{\"@type\":\"ListItem\",\"position\":2,\"name\":\"Produkte\",\"item\":\"https:\\\/\\\/nurso.biz\\\/shop\\\/\"},{\"@type\":\"ListItem\",\"position\":3,\"name\":\"Kaffeetasse (190 ml) 1 Stk\"}]},{\"@type\":\"WebSite\",\"@id\":\"https:\\\/\\\/nurso.biz\\\/#website\",\"url\":\"https:\\\/\\\/nurso.biz\\\/\",\"name\":\"Nurso B2B Shop\",\"description\":\"Wir verkaufen nur die beste Qualit\u00e4t!\",\"publisher\":{\"@id\":\"https:\\\/\\\/nurso.biz\\\/#organization\"},\"potentialAction\":[{\"@type\":\"SearchAction\",\"target\":{\"@type\":\"EntryPoint\",\"urlTemplate\":\"https:\\\/\\\/nurso.biz\\\/?s={search_term_string}\"},\"query-input\":{\"@type\":\"PropertyValueSpecification\",\"valueRequired\":true,\"valueName\":\"search_term_string\"}}],\"inLanguage\":\"en-US\"},{\"@type\":\"Organization\",\"@id\":\"https:\\\/\\\/nurso.biz\\\/#organization\",\"name\":\"Nurso GmbH\",\"url\":\"https:\\\/\\\/nurso.biz\\\/\",\"logo\":{\"@type\":\"ImageObject\",\"inLanguage\":\"en-US\",\"@id\":\"https:\\\/\\\/nurso.biz\\\/#\\\/schema\\\/logo\\\/image\\\/\",\"url\":\"https:\\\/\\\/nurso.biz\\\/wp-content\\\/uploads\\\/2021\\\/07\\\/nurso_logo_dark.png\",\"contentUrl\":\"https:\\\/\\\/nurso.biz\\\/wp-content\\\/uploads\\\/2021\\\/07\\\/nurso_logo_dark.png\",\"width\":198,\"height\":44,\"caption\":\"Nurso GmbH\"},\"image\":{\"@id\":\"https:\\\/\\\/nurso.biz\\\/#\\\/schema\\\/logo\\\/image\\\/\"}}]}<\/script>\n<!-- \/ Yoast SEO plugin. -->","yoast_head_json":{"title":"Kaffeetasse (190 ml) 1 Stk - Nurso B2B Shop","robots":{"index":"index","follow":"follow","max-snippet":"max-snippet:-1","max-image-preview":"max-image-preview:large","max-video-preview":"max-video-preview:-1"},"canonical":"https:\/\/nurso.biz\/produkt\/kaffeetasse-190-ml-1-stk\/","og_locale":"en_US","og_type":"article","og_title":"Kaffeetasse (190 ml) 1 Stk - Nurso B2B Shop","og_description":"Volumen: 190 ml  Lieferzeit: 2-3 Tage.","og_url":"https:\/\/nurso.biz\/produkt\/kaffeetasse-190-ml-1-stk\/","og_site_name":"Nurso B2B Shop","article_modified_time":"2025-02-19T09:05:37+00:00","og_image":[{"width":500,"height":500,"url":"https:\/\/nurso.biz\/wp-content\/uploads\/2021\/01\/sftp_6_0_604121.jpg","type":"image\/jpeg"}],"twitter_card":"summary_large_image","twitter_misc":{"Est. reading time":"1 minute"},"schema":{"@context":"https:\/\/schema.org","@graph":[{"@type":"WebPage","@id":"https:\/\/nurso.biz\/produkt\/kaffeetasse-190-ml-1-stk\/","url":"https:\/\/nurso.biz\/produkt\/kaffeetasse-190-ml-1-stk\/","name":"Kaffeetasse (190 ml) 1 Stk - Nurso B2B Shop","isPartOf":{"@id":"https:\/\/nurso.biz\/#website"},"primaryImageOfPage":{"@id":"https:\/\/nurso.biz\/produkt\/kaffeetasse-190-ml-1-stk\/#primaryimage"},"image":{"@id":"https:\/\/nurso.biz\/produkt\/kaffeetasse-190-ml-1-stk\/#primaryimage"},"thumbnailUrl":"https:\/\/nurso.biz\/wp-content\/uploads\/2021\/01\/sftp_6_0_604121.jpg","datePublished":"2021-01-09T17:46:43+00:00","dateModified":"2025-02-19T09:05:37+00:00","breadcrumb":{"@id":"https:\/\/nurso.biz\/produkt\/kaffeetasse-190-ml-1-stk\/#breadcrumb"},"inLanguage":"en-US","potentialAction":[{"@type":"ReadAction","target":["https:\/\/nurso.biz\/produkt\/kaffeetasse-190-ml-1-stk\/"]}]},{"@type":"ImageObject","inLanguage":"en-US","@id":"https:\/\/nurso.biz\/produkt\/kaffeetasse-190-ml-1-stk\/#primaryimage","url":"https:\/\/nurso.biz\/wp-content\/uploads\/2021\/01\/sftp_6_0_604121.jpg","contentUrl":"https:\/\/nurso.biz\/wp-content\/uploads\/2021\/01\/sftp_6_0_604121.jpg","width":500,"height":500},{"@type":"BreadcrumbList","@id":"https:\/\/nurso.biz\/produkt\/kaffeetasse-190-ml-1-stk\/#breadcrumb","itemListElement":[{"@type":"ListItem","position":1,"name":"Home","item":"https:\/\/nurso.biz\/"},{"@type":"ListItem","position":2,"name":"Produkte","item":"https:\/\/nurso.biz\/shop\/"},{"@type":"ListItem","position":3,"name":"Kaffeetasse (190 ml) 1 Stk"}]},{"@type":"WebSite","@id":"https:\/\/nurso.biz\/#website","url":"https:\/\/nurso.biz\/","name":"Nurso B2B Shop","description":"Wir verkaufen nur die beste Qualit\u00e4t!","publisher":{"@id":"https:\/\/nurso.biz\/#organization"},"potentialAction":[{"@type":"SearchAction","target":{"@type":"EntryPoint","urlTemplate":"https:\/\/nurso.biz\/?s={search_term_string}"},"query-input":{"@type":"PropertyValueSpecification","valueRequired":true,"valueName":"search_term_string"}}],"inLanguage":"en-US"},{"@type":"Organization","@id":"https:\/\/nurso.biz\/#organization","name":"Nurso GmbH","url":"https:\/\/nurso.biz\/","logo":{"@type":"ImageObject","inLanguage":"en-US","@id":"https:\/\/nurso.biz\/#\/schema\/logo\/image\/","url":"https:\/\/nurso.biz\/wp-content\/uploads\/2021\/07\/nurso_logo_dark.png","contentUrl":"https:\/\/nurso.biz\/wp-content\/uploads\/2021\/07\/nurso_logo_dark.png","width":198,"height":44,"caption":"Nurso GmbH"},"image":{"@id":"https:\/\/nurso.biz\/#\/schema\/logo\/image\/"}}]}},"_links":{"self":[{"href":"https:\/\/nurso.biz\/en\/wp-json\/wp\/v2\/product\/273232","targetHints":{"allow":["GET"]}}],"collection":[{"href":"https:\/\/nurso.biz\/en\/wp-json\/wp\/v2\/product"}],"about":[{"href":"https:\/\/nurso.biz\/en\/wp-json\/wp\/v2\/types\/product"}],"replies":[{"embeddable":true,"href":"https:\/\/nurso.biz\/en\/wp-json\/wp\/v2\/comments?post=273232"}],"wp:featuredmedia":[{"embeddable":true,"href":"https:\/\/nurso.biz\/en\/wp-json\/wp\/v2\/media\/273172"}],"wp:attachment":[{"href":"https:\/\/nurso.biz\/en\/wp-json\/wp\/v2\/media?parent=273232"}],"wp:term":[{"taxonomy":"product_brand","embeddable":true,"href":"https:\/\/nurso.biz\/en\/wp-json\/wp\/v2\/product_brand?post=273232"},{"taxonomy":"product_cat","embeddable":true,"href":"https:\/\/nurso.biz\/en\/wp-json\/wp\/v2\/product_cat?post=273232"},{"taxonomy":"product_tag","embeddable":true,"href":"https:\/\/nurso.biz\/en\/wp-json\/wp\/v2\/product_tag?post=273232"}],"curies":[{"name":"wp","href":"https:\/\/api.w.org\/{rel}","templated":true}]}}