{"id":390020,"date":"2021-07-17T13:45:00","date_gmt":"2021-07-17T11:45:00","guid":{"rendered":"https:\/\/nurso.biz\/?page_id=390020"},"modified":"2026-03-26T15:24:43","modified_gmt":"2026-03-26T14:24:43","slug":"home","status":"publish","type":"page","link":"https:\/\/nurso.biz\/en\/","title":{"rendered":"Home"},"content":{"rendered":"<div class=\"wpb-content-wrapper\">[vc_row thb_full_width=&#8221;true&#8221; thb_row_padding=&#8221;true&#8221; content_placement=&#8221;middle&#8221; css=&#8221;.vc_custom_1708696843531{margin-right: 0px !important;padding-top: 12vh !important;padding-bottom: 10vh !important;background-image: url(https:\/\/nurso.biz\/wp-content\/uploads\/2024\/02\/Oda-Cutlery-Set-24-pcs_575079_9-scaled.jpg?id=583548) !important;background-position: center !important;background-repeat: no-repeat !important;background-size: cover !important;}&#8221;][vc_column][vc_row_inner thb_max_width=&#8221;max_width&#8221;][vc_column_inner width=&#8221;1\/3&#8243;][\/vc_column_inner][vc_column_inner width=&#8221;2\/3&#8243; offset=&#8221;vc_col-lg-8 vc_col-md-8&#8243;][vc_column_text css=&#8221;.vc_custom_1605175327845{padding-right: 70px !important;}&#8221; animation=&#8221;animation fade-in&#8221;]\n<h1 style=\"color: #ffffff; text-align: right;\">Skandinavisches Design in Vollendung<\/h1>\n[\/vc_column_text][\/vc_column_inner][vc_column_inner width=&#8221;1\/3&#8243; offset=&#8221;vc_hidden-sm vc_hidden-xs&#8221;][\/vc_column_inner][vc_column_inner width=&#8221;2\/3&#8243; offset=&#8221;vc_hidden-sm vc_hidden-xs&#8221;][vc_empty_space height=&#8221;40px&#8221; css=&#8221;.vc_custom_1605175335045{padding-right: 70px !important;}&#8221;][vc_column_text css=&#8221;.vc_custom_1708696874129{padding-right: 70px !important;border-radius: 25px !important;}&#8221; animation=&#8221;animation fade-in&#8221;]\n<p style=\"font-size: 18px; color: #ffffff; text-align: center;\">\u00a0Als Verschnaufpause im Alltag, als magisches Essen oder als Moment mit Familie und Freunden hat \u201eHardanger Bestikk\u201c im Laufe der Zeit hochwertiges Besteck geschaffen, um die Atmosph\u00e4re bei kleinen und gro\u00dfen Restaurants zu etwas ganz Besonderem zu machen. Mit einer Vielzahl von kompletten Bestecksets erhalten Sie ein Design, das Ihrem pers\u00f6nlichen Stil entspricht.<\/p>\n[\/vc_column_text][vc_empty_space height=&#8221;40px&#8221; css=&#8221;.vc_custom_1605175350104{padding-right: 70px !important;}&#8221;][\/vc_column_inner][vc_column_inner width=&#8221;1\/3&#8243;][\/vc_column_inner][vc_column_inner width=&#8221;2\/3&#8243;][vc_btn title=&#8221;Zu den Produkten&#8221; style=&#8221;3d&#8221; color=&#8221;inverse&#8221; size=&#8221;sm&#8221; align=&#8221;right&#8221; i_align=&#8221;right&#8221; i_icon_fontawesome=&#8221;&#8221; css=&#8221;.vc_custom_1774535025311{padding-right: 70px !important;}&#8221; add_icon=&#8221;true&#8221; link=&#8221;url:https%3A%2F%2Fnurso-shop.de%2Fprodukt-kategorie%2Fbesteck%2F&#8221;][\/vc_column_inner][\/vc_row_inner][\/vc_column][\/vc_row][vc_section el_id=&#8221;kachelfeld&#8221;][vc_row thb_full_width=&#8221;true&#8221; thb_row_padding=&#8221;true&#8221; content_placement=&#8221;middle&#8221; css=&#8221;.vc_custom_1724101097037{margin-right: 0px !important;padding-top: 12vh !important;padding-bottom: 10vh !important;background: rgba(0,0,0,0.44) url(https:\/\/nurso.biz\/wp-content\/uploads\/2024\/08\/IMG_6942.jpg?id=584508) !important;background-position: center !important;background-repeat: no-repeat !important;background-size: cover !important;*background-color: rgb(0,0,0) !important;}&#8221;][vc_column][vc_row_inner thb_max_width=&#8221;max_width&#8221;][vc_column_inner width=&#8221;1\/3&#8243;][\/vc_column_inner][vc_column_inner width=&#8221;2\/3&#8243; offset=&#8221;vc_col-lg-8 vc_col-md-8&#8243;][vc_column_text css=&#8221;.vc_custom_1666007183881{padding-right: 70px !important;}&#8221; animation=&#8221;animation fade-in&#8221;]\n<h1 style=\"color: #ffffff; text-align: right;\">Porzellan<\/h1>\n[\/vc_column_text][\/vc_column_inner][vc_column_inner width=&#8221;1\/3&#8243; offset=&#8221;vc_hidden-sm vc_hidden-xs&#8221;][\/vc_column_inner][vc_column_inner width=&#8221;2\/3&#8243; offset=&#8221;vc_hidden-sm vc_hidden-xs&#8221;][vc_empty_space height=&#8221;40px&#8221; css=&#8221;.vc_custom_1605175335045{padding-right: 70px !important;}&#8221;][vc_column_text css=&#8221;.vc_custom_1666008805044{padding-right: 70px !important;}&#8221; animation=&#8221;animation fade-in&#8221;]\n<p style=\"font-size: 18px; color: #ffffff; text-align: right;\"><strong>In unserem Sortiment befindet sich einzigartiges und hochwertiges Porzellangeschirr in unterschiedlichen Stilrichtungen- k\u00fcnstlerisch angehaucht, sowie klassisch, kompliment\u00e4r und funktional.<\/strong><\/p>\n[\/vc_column_text][vc_empty_space height=&#8221;40px&#8221; css=&#8221;.vc_custom_1605175350104{padding-right: 70px !important;}&#8221;][\/vc_column_inner][vc_column_inner width=&#8221;1\/3&#8243;][\/vc_column_inner][vc_column_inner width=&#8221;2\/3&#8243;][vc_btn title=&#8221;Zu den Produkten&#8221; style=&#8221;3d&#8221; color=&#8221;inverse&#8221; size=&#8221;sm&#8221; align=&#8221;right&#8221; i_align=&#8221;right&#8221; i_icon_fontawesome=&#8221;&#8221; css=&#8221;.vc_custom_1774535080860{padding-right: 70px !important;}&#8221; add_icon=&#8221;true&#8221; link=&#8221;url:https%3A%2F%2Fnurso.biz%2Fprodukt-kategorie%2Fgeschirr%2F&#8221;][\/vc_column_inner][\/vc_row_inner][\/vc_column][\/vc_row][vc_row][vc_column width=&#8221;1\/2&#8243; css=&#8221;.vc_custom_1724100664663{background-image: url(https:\/\/nurso.biz\/wp-content\/uploads\/2024\/08\/IMG_2952.jpg?id=584466) !important;background-position: center !important;background-repeat: no-repeat !important;background-size: cover !important;}&#8221; el_class=&#8221;gridbox2&#8243;][vc_custom_heading text=&#8221;CHARMANTE PORZELLAN&#8221; font_container=&#8221;tag:h3|text_align:left|color:%23ffffff&#8221; google_fonts=&#8221;font_family:Montserrat%3Aregular%2C700|font_style:400%20regular%3A400%3Anormal&#8221; link=&#8221;url:https%3A%2F%2Fnurso.biz%2Fprodukt-kategorie%2Fcharmante-2%2F&#8221; el_class=&#8221;kacheltext2&#8243;][\/vc_column][vc_column width=&#8221;1\/2&#8243; css=&#8221;.vc_custom_1724101158495{background-image: url(https:\/\/nurso.biz\/wp-content\/uploads\/2024\/08\/tuva-mood-2.jpeg?id=584506) !important;background-position: center !important;background-repeat: no-repeat !important;background-size: cover !important;}&#8221; el_class=&#8221;gridbox2&#8243;][vc_custom_heading text=&#8221;BESTECK&#8221; font_container=&#8221;tag:h3|text_align:left|color:%23ffffff&#8221; google_fonts=&#8221;font_family:Montserrat%3Aregular%2C700|font_style:400%20regular%3A400%3Anormal&#8221; link=&#8221;url:%2Fprodukt-kategorie%2Fhardanger-bestikk%2F&#8221; el_class=&#8221;kacheltext2&#8243;][\/vc_column][\/vc_row][vc_row el_class=&#8221;align-center&#8221; css=&#8221;.vc_custom_1604520805773{padding-top: 20px !important;padding-bottom: 50px !important;}&#8221;][vc_column el_class=&#8221;text-center&#8221; css=&#8221;.vc_custom_1604444957745{margin-top: 5vh !important;margin-bottom: 5vh !important;padding-right: 12% !important;padding-left: 12% !important;}&#8221; offset=&#8221;vc_col-lg-8 vc_col-md-10&#8243;][vc_column_text]\n<h5><strong>DAS LEBEN VERSCH\u00d6NERN<\/strong><\/h5>\n[\/vc_column_text][vc_empty_space height=&#8221;20px&#8221;][vc_column_text css=&#8221;.vc_custom_1711843077215{padding-bottom: 50px !important;}&#8221;]Das Leben versch\u00f6nern mit wenig Aufwand- durch unser Sortiment. Wir stehen f\u00fcr Qualit\u00e4t und \u00c4sthetik.[\/vc_column_text][vc_raw_html]JTNDZGl2JTIwc3R5bGUlM0QlMjJwYWRkaW5nJTNBNTYuMjUlMjUlMjAwJTIwMCUyMDAlM0Jwb3NpdGlvbiUzQXJlbGF0aXZlJTNCJTIyJTNFJTNDaWZyYW1lJTIwc3JjJTNEJTIyaHR0cHMlM0ElMkYlMkZwbGF5ZXIudmltZW8uY29tJTJGdmlkZW8lMkY5MjkxNzYzNzclM0ZiYWRnZSUzRDAlMjZhbXAlM0JhdXRvcGF1c2UlM0QwJTI2YW1wJTNCcGxheWVyX2lkJTNEMCUyNmFtcCUzQmFwcF9pZCUzRDU4NDc5JTI2dGl0bGUlM0QwJTI2YnlsaW5lJTNEMCUyNnBvcnRyYWl0JTNEMCUyMiUyMGZyYW1lYm9yZGVyJTNEJTIyMCUyMiUyMGFsbG93JTNEJTIyYXV0b3BsYXklM0IlMjBmdWxsc2NyZWVuJTNCJTIwcGljdHVyZS1pbi1waWN0dXJlJTIyJTIwc3R5bGUlM0QlMjJwb3NpdGlvbiUzQWFic29sdXRlJTNCdG9wJTNBMCUzQmxlZnQlM0EwJTNCd2lkdGglM0ExMDAlMjUlM0JoZWlnaHQlM0ExMDAlMjUlM0IlMjIlMjB0aXRsZSUzRCUyMkhhcmRhbmdlcmJlc3Rpa2stUHJvZHVrdGlvbiUyMiUzRSUzQyUyRmlmcmFtZSUzRSUzQyUyRmRpdiUzRSUzQ3NjcmlwdCUyMHNyYyUzRCUyMmh0dHBzJTNBJTJGJTJGcGxheWVyLnZpbWVvLmNvbSUyRmFwaSUyRnBsYXllci5qcyUyMiUzRSUzQyUyRnNjcmlwdCUzRQ==[\/vc_raw_html][\/vc_column][\/vc_row][\/vc_section][vc_row][vc_column][vc_column_text]\n<div style=\"position: absolute; left: -9966px;\">\n<p><a href=\"https:\/\/felixcontinentalcafe.com\/\">Mostbet<\/a> Az\u0259rbaycanda istifad\u0259\u00e7il\u0259r \u00fc\u00e7\u00fcn etibarl\u0131 m\u0259rc imkanlar\u0131 t\u0259klif edir (16).<\/div>\n[\/vc_column_text][\/vc_column][\/vc_row]\n<\/div>","protected":false},"excerpt":{"rendered":"<p>[vc_row thb_full_width=&#8221;true&#8221; thb_row_padding=&#8221;true&#8221; content_placement=&#8221;middle&#8221; css=&#8221;.vc_custom_1708696843531{margin-right: 0px !important;padding-top: 12vh !important;padding-bottom: 10vh !important;background-image: url(https:\/\/nurso.biz\/wp-content\/uploads\/2024\/02\/Oda-Cutlery-Set-24-pcs_575079_9-scaled.jpg?id=583548) !important;background-position: center !important;background-repeat: no-repeat !important;background-size: cover !important;}&#8221;][vc_column][vc_row_inner thb_max_width=&#8221;max_width&#8221;][vc_column_inner width=&#8221;1\/3&#8243;][\/vc_column_inner][vc_column_inner width=&#8221;2\/3&#8243; offset=&#8221;vc_col-lg-8 vc_col-md-8&#8243;][vc_column_text css=&#8221;.vc_custom_1605175327845{padding-right:&hellip;<\/p>\n","protected":false},"author":93,"featured_media":0,"parent":0,"menu_order":0,"comment_status":"closed","ping_status":"closed","template":"","meta":{"footnotes":""},"class_list":["post-390020","page","type-page","status-publish","hentry"],"yoast_head":"<!-- This site is optimized with the Yoast SEO plugin v27.3 - https:\/\/yoast.com\/product\/yoast-seo-wordpress\/ -->\n<title>Besteck und Porzellan im Skandinavischen Stil - Nurso B2B Shop<\/title>\n<meta name=\"description\" content=\"Nurso B2B Shop bietet Besteck und Porzellan im Skandinavischen Stil, das Qualit\u00e4t und Design vereint. Es bereichert das Essen mit funktionalen und \u00e4sthetischen St\u00fccken.\" \/>\n<meta name=\"robots\" content=\"index, follow, max-snippet:-1, max-image-preview:large, max-video-preview:-1\" \/>\n<link rel=\"canonical\" href=\"https:\/\/nurso.biz\/\" \/>\n<meta property=\"og:locale\" content=\"en_US\" \/>\n<meta property=\"og:type\" content=\"article\" \/>\n<meta property=\"og:title\" content=\"Besteck und Porzellan im Skandinavischen Stil - Nurso B2B Shop\" \/>\n<meta property=\"og:description\" content=\"Nurso B2B Shop bietet Besteck und Porzellan im Skandinavischen Stil, das Qualit\u00e4t und Design vereint. Es bereichert das Essen mit funktionalen und \u00e4sthetischen St\u00fccken.\" \/>\n<meta property=\"og:url\" content=\"https:\/\/nurso.biz\/\" \/>\n<meta property=\"og:site_name\" content=\"Nurso B2B Shop\" \/>\n<meta property=\"article:modified_time\" content=\"2026-03-26T14:24:43+00:00\" \/>\n<meta name=\"twitter:card\" content=\"summary_large_image\" \/>\n<meta name=\"twitter:label1\" content=\"Est. reading time\" \/>\n\t<meta name=\"twitter:data1\" content=\"2 minutes\" \/>\n<script type=\"application\/ld+json\" class=\"yoast-schema-graph\">{\"@context\":\"https:\\\/\\\/schema.org\",\"@graph\":[{\"@type\":\"WebPage\",\"@id\":\"https:\\\/\\\/nurso.biz\\\/\",\"url\":\"https:\\\/\\\/nurso.biz\\\/\",\"name\":\"Besteck und Porzellan im Skandinavischen Stil - Nurso B2B Shop\",\"isPartOf\":{\"@id\":\"https:\\\/\\\/nurso.biz\\\/#website\"},\"datePublished\":\"2021-07-17T11:45:00+00:00\",\"dateModified\":\"2026-03-26T14:24:43+00:00\",\"description\":\"Nurso B2B Shop bietet Besteck und Porzellan im Skandinavischen Stil, das Qualit\u00e4t und Design vereint. Es bereichert das Essen mit funktionalen und \u00e4sthetischen St\u00fccken.\",\"breadcrumb\":{\"@id\":\"https:\\\/\\\/nurso.biz\\\/#breadcrumb\"},\"inLanguage\":\"en-US\",\"potentialAction\":[{\"@type\":\"ReadAction\",\"target\":[\"https:\\\/\\\/nurso.biz\\\/\"]}]},{\"@type\":\"BreadcrumbList\",\"@id\":\"https:\\\/\\\/nurso.biz\\\/#breadcrumb\",\"itemListElement\":[{\"@type\":\"ListItem\",\"position\":1,\"name\":\"Home\",\"item\":\"https:\\\/\\\/nurso.biz\\\/\"},{\"@type\":\"ListItem\",\"position\":2,\"name\":\"Home\"}]},{\"@type\":\"WebSite\",\"@id\":\"https:\\\/\\\/nurso.biz\\\/#website\",\"url\":\"https:\\\/\\\/nurso.biz\\\/\",\"name\":\"Nurso B2B Shop\",\"description\":\"Wir verkaufen nur die beste Qualit\u00e4t!\",\"publisher\":{\"@id\":\"https:\\\/\\\/nurso.biz\\\/#organization\"},\"potentialAction\":[{\"@type\":\"SearchAction\",\"target\":{\"@type\":\"EntryPoint\",\"urlTemplate\":\"https:\\\/\\\/nurso.biz\\\/?s={search_term_string}\"},\"query-input\":{\"@type\":\"PropertyValueSpecification\",\"valueRequired\":true,\"valueName\":\"search_term_string\"}}],\"inLanguage\":\"en-US\"},{\"@type\":\"Organization\",\"@id\":\"https:\\\/\\\/nurso.biz\\\/#organization\",\"name\":\"Nurso GmbH\",\"url\":\"https:\\\/\\\/nurso.biz\\\/\",\"logo\":{\"@type\":\"ImageObject\",\"inLanguage\":\"en-US\",\"@id\":\"https:\\\/\\\/nurso.biz\\\/#\\\/schema\\\/logo\\\/image\\\/\",\"url\":\"https:\\\/\\\/nurso.biz\\\/wp-content\\\/uploads\\\/2021\\\/07\\\/nurso_logo_dark.png\",\"contentUrl\":\"https:\\\/\\\/nurso.biz\\\/wp-content\\\/uploads\\\/2021\\\/07\\\/nurso_logo_dark.png\",\"width\":198,\"height\":44,\"caption\":\"Nurso GmbH\"},\"image\":{\"@id\":\"https:\\\/\\\/nurso.biz\\\/#\\\/schema\\\/logo\\\/image\\\/\"}}]}<\/script>\n<!-- \/ Yoast SEO plugin. -->","yoast_head_json":{"title":"Besteck und Porzellan im Skandinavischen Stil - Nurso B2B Shop","description":"Nurso B2B Shop bietet Besteck und Porzellan im Skandinavischen Stil, das Qualit\u00e4t und Design vereint. Es bereichert das Essen mit funktionalen und \u00e4sthetischen St\u00fccken.","robots":{"index":"index","follow":"follow","max-snippet":"max-snippet:-1","max-image-preview":"max-image-preview:large","max-video-preview":"max-video-preview:-1"},"canonical":"https:\/\/nurso.biz\/","og_locale":"en_US","og_type":"article","og_title":"Besteck und Porzellan im Skandinavischen Stil - Nurso B2B Shop","og_description":"Nurso B2B Shop bietet Besteck und Porzellan im Skandinavischen Stil, das Qualit\u00e4t und Design vereint. Es bereichert das Essen mit funktionalen und \u00e4sthetischen St\u00fccken.","og_url":"https:\/\/nurso.biz\/","og_site_name":"Nurso B2B Shop","article_modified_time":"2026-03-26T14:24:43+00:00","twitter_card":"summary_large_image","twitter_misc":{"Est. reading time":"2 minutes"},"schema":{"@context":"https:\/\/schema.org","@graph":[{"@type":"WebPage","@id":"https:\/\/nurso.biz\/","url":"https:\/\/nurso.biz\/","name":"Besteck und Porzellan im Skandinavischen Stil - Nurso B2B Shop","isPartOf":{"@id":"https:\/\/nurso.biz\/#website"},"datePublished":"2021-07-17T11:45:00+00:00","dateModified":"2026-03-26T14:24:43+00:00","description":"Nurso B2B Shop bietet Besteck und Porzellan im Skandinavischen Stil, das Qualit\u00e4t und Design vereint. Es bereichert das Essen mit funktionalen und \u00e4sthetischen St\u00fccken.","breadcrumb":{"@id":"https:\/\/nurso.biz\/#breadcrumb"},"inLanguage":"en-US","potentialAction":[{"@type":"ReadAction","target":["https:\/\/nurso.biz\/"]}]},{"@type":"BreadcrumbList","@id":"https:\/\/nurso.biz\/#breadcrumb","itemListElement":[{"@type":"ListItem","position":1,"name":"Home","item":"https:\/\/nurso.biz\/"},{"@type":"ListItem","position":2,"name":"Home"}]},{"@type":"WebSite","@id":"https:\/\/nurso.biz\/#website","url":"https:\/\/nurso.biz\/","name":"Nurso B2B Shop","description":"Wir verkaufen nur die beste Qualit\u00e4t!","publisher":{"@id":"https:\/\/nurso.biz\/#organization"},"potentialAction":[{"@type":"SearchAction","target":{"@type":"EntryPoint","urlTemplate":"https:\/\/nurso.biz\/?s={search_term_string}"},"query-input":{"@type":"PropertyValueSpecification","valueRequired":true,"valueName":"search_term_string"}}],"inLanguage":"en-US"},{"@type":"Organization","@id":"https:\/\/nurso.biz\/#organization","name":"Nurso GmbH","url":"https:\/\/nurso.biz\/","logo":{"@type":"ImageObject","inLanguage":"en-US","@id":"https:\/\/nurso.biz\/#\/schema\/logo\/image\/","url":"https:\/\/nurso.biz\/wp-content\/uploads\/2021\/07\/nurso_logo_dark.png","contentUrl":"https:\/\/nurso.biz\/wp-content\/uploads\/2021\/07\/nurso_logo_dark.png","width":198,"height":44,"caption":"Nurso GmbH"},"image":{"@id":"https:\/\/nurso.biz\/#\/schema\/logo\/image\/"}}]}},"_links":{"self":[{"href":"https:\/\/nurso.biz\/en\/wp-json\/wp\/v2\/pages\/390020","targetHints":{"allow":["GET"]}}],"collection":[{"href":"https:\/\/nurso.biz\/en\/wp-json\/wp\/v2\/pages"}],"about":[{"href":"https:\/\/nurso.biz\/en\/wp-json\/wp\/v2\/types\/page"}],"author":[{"embeddable":true,"href":"https:\/\/nurso.biz\/en\/wp-json\/wp\/v2\/users\/93"}],"replies":[{"embeddable":true,"href":"https:\/\/nurso.biz\/en\/wp-json\/wp\/v2\/comments?post=390020"}],"version-history":[{"count":2,"href":"https:\/\/nurso.biz\/en\/wp-json\/wp\/v2\/pages\/390020\/revisions"}],"predecessor-version":[{"id":586994,"href":"https:\/\/nurso.biz\/en\/wp-json\/wp\/v2\/pages\/390020\/revisions\/586994"}],"wp:attachment":[{"href":"https:\/\/nurso.biz\/en\/wp-json\/wp\/v2\/media?parent=390020"}],"curies":[{"name":"wp","href":"https:\/\/api.w.org\/{rel}","templated":true}]}}